{"id":182,"date":"2021-09-21T15:02:34","date_gmt":"2021-09-21T12:02:34","guid":{"rendered":"https:\/\/rukako.fi\/uusi\/?page_id=182"},"modified":"2026-01-03T14:16:47","modified_gmt":"2026-01-03T12:16:47","slug":"remonttipalvelut","status":"publish","type":"page","link":"https:\/\/www.davas.site\/rukako\/remonttipalvelut\/","title":{"rendered":"Remonttipalvelut"},"content":{"rendered":"<h1>Remontti&#173;palvelut<\/h1>\n<p><img decoding=\"async\" src=\"\/rukako\/wp-content\/uploads\/2026\/01\/IMG_1648.jpg\" alt=\"\"><\/p>\n<div>\n<h3>Juha t\u00e4ss\u00e4 moi,<\/h3>\n<div>\n<p>Olen tehnyt remontti- ja kunnossapitohommia yli 30 vuoden ajan.<\/p>\n<p>Teen remonttipalveluita p\u00e4\u00e4s\u00e4\u00e4nt\u00f6isesti v\u00e4lityksess\u00e4mme oleviin kohteisiin ajanjaksolla touko-lokakuu sek\u00e4 tietysti sesonkina kiireellisemm\u00e4t kunnossapitoty\u00f6t majoituskohteissa. Olen tehnyt vesivahinkoremontteja, kylpyhuone-\/saunaremontteja sek\u00e4 keitti\u00f6remontteja. S\u00e4hk\u00f6- ja lvi-palvelut tilaamme alihankkijoilta.<\/p>\n<p>Meilt\u00e4 my\u00f6s piha-alueiden siistimiset, puiden raivaus sek\u00e4 nurmikoiden siistiminen.<br \/>Kes\u00e4isin toimitamme my\u00f6s sadevesikourut ja kattoturvatuotteet.<\/p>\n<p>Jos kiinnostuit, kys\u00e4sepp\u00e4 tarjous <a href=\"mailto:info@rukako.fi\">info@rukako.fi<\/a><\/p>\n<\/div>\n<\/div>\n<ul>\n<li>\n<p>        <img decoding=\"async\" src=\"\/rukako\/wp-content\/uploads\/2021\/09\/01c-jalkeen-kaytava.jpg\" alt=\"K\u00e4yt\u00e4v\u00e4remontti\"><\/p>\n<p><img decoding=\"async\" src=\"\/rukako\/wp-content\/uploads\/2021\/09\/01b-ennen-kaytava2.jpg\" alt><\/p>\n<h3>K\u00e4yt\u00e4v\u00e4remontti<\/h3>\n<p>Laita hiiri kuvan p\u00e4\u00e4lle, n\u00e4et l\u00e4ht\u00f6tilanteen<\/p>\n<\/li>\n<li>\n<p>        <img decoding=\"async\" src=\"\/rukako\/wp-content\/uploads\/2021\/09\/02c-jalkeen-oh.jpg\" alt=\"Olohuone\"><\/p>\n<p><img decoding=\"async\" src=\"\/rukako\/wp-content\/uploads\/2021\/09\/02a-ennen-oh.jpg\" alt><\/p>\n<h3>Olohuone<\/h3>\n<p>Laita hiiri kuvan p\u00e4\u00e4lle, n\u00e4et l\u00e4ht\u00f6tilanteen<\/p>\n<\/li>\n<li>\n<p>        <img decoding=\"async\" src=\"\/rukako\/wp-content\/uploads\/2021\/09\/03b-jalkeen-seina2.jpg\" alt=\"Makuuhuone\"><\/p>\n<p><img decoding=\"async\" src=\"\/rukako\/wp-content\/uploads\/2021\/09\/03a-ennen-sangyt.jpg\" alt><\/p>\n<h3>Makuuhuone<\/h3>\n<p>Laita hiiri kuvan p\u00e4\u00e4lle, n\u00e4et l\u00e4ht\u00f6tilanteen<\/p>\n<\/li>\n<li>\n<p>        <img decoding=\"async\" src=\"\/rukako\/wp-content\/uploads\/2021\/09\/05b-jalkeen-ovi.jpg\" alt=\"Ovet\"><\/p>\n<p><img decoding=\"async\" src=\"\/rukako\/wp-content\/uploads\/2021\/09\/05a-ennenovi.jpg\" alt><\/p>\n<h3>Ovet <\/h3>\n<p>Laita hiiri kuvan p\u00e4\u00e4lle, n\u00e4et l\u00e4ht\u00f6tilanteen<\/p>\n<\/li>\n<li>\n<p>        <img decoding=\"async\" src=\"\/rukako\/wp-content\/uploads\/2021\/09\/kivakka-d20_pesuhuone_jalkeen.jpg\" alt=\"Kylpyhuone\"><\/p>\n<p><img decoding=\"async\" src=\"\/rukako\/wp-content\/uploads\/2021\/09\/kivakka-d20_pesuhuone_ennen.jpg\" alt><\/p>\n<h3>Kylpyhuone<\/h3>\n<p>Laita hiiri kuvan p\u00e4\u00e4lle, n\u00e4et l\u00e4ht\u00f6tilanteen<\/p>\n<\/li>\n<li>\n<p>        <img decoding=\"async\" src=\"\/rukako\/wp-content\/uploads\/2021\/09\/maston-uuttu_ulkokuva-syksy.jpg\" alt=\"Ulkomaalaukset\"><\/p>\n<p><img decoding=\"async\" src=\"\/rukako\/wp-content\/uploads\/2021\/09\/06a-mokkiennen.jpg\" alt><\/p>\n<h3>Ulkomaalaukset<\/h3>\n<p>Laita hiiri kuvan p\u00e4\u00e4lle, n\u00e4et l\u00e4ht\u00f6tilanteen<\/p>\n<\/li>\n<\/ul>\n<h2>\n<h2>Muita rakennus- ja kunnostus\u00adkohteita<\/h2>\n<\/h2>\n<ul>\n<li>\n<p>        <img decoding=\"async\" src=\"\/rukako\/wp-content\/uploads\/2021\/09\/roskakatosjavarasto.jpg\" alt=\"Roskakatos\"><\/p>\n<h3>Roskakatos<\/h3>\n<\/li>\n<li>\n<p>        <img decoding=\"async\" src=\"\/rukako\/wp-content\/uploads\/2021\/09\/ruokapoydankasittely.jpg\" alt=\"P\u00f6yd\u00e4n k\u00e4sittely\"><\/p>\n<h3>P\u00f6yd\u00e4n k\u00e4sittely<\/h3>\n<\/li>\n<li>\n<p>        <img decoding=\"async\" src=\"\/rukako\/wp-content\/uploads\/2021\/09\/terassi.jpg\" alt=\"Terassin rakentaminen\"><\/p>\n<h3>Terassin rakentaminen<\/h3>\n<\/li>\n<\/ul>\n<p><!--more--><br \/>\n<!-- {\"name\":\"etusivu\",\"type\":\"layout\",\"children\":[{\"name\":\"Hero\",\"type\":\"section\",\"props\":{\"animation\":\"slide-top\",\"height\":\"viewport\",\"height_viewport\":60,\"image\":\"wp-content\\\/uploads\\\/2026\\\/01\\\/IMG_1612.jpg\",\"image_position\":\"bottom-center\",\"image_size\":\"cover\",\"image_width\":\"1920\",\"media_background\":\"#1e3040\",\"media_overlay\":\"rgba(0, 0, 0, 0)\",\"overlap\":false,\"padding\":\"xlarge\",\"preserve_color\":false,\"style\":\"secondary\",\"title_breakpoint\":\"xl\",\"title_position\":\"top-left\",\"title_rotation\":\"left\",\"vertical_align\":\"middle\",\"width\":\"default\"},\"children\":[{\"type\":\"row\",\"children\":[{\"type\":\"column\",\"props\":{\"image_position\":\"center-center\",\"image_size\":\"contain\",\"image_width\":\"690\",\"padding\":\"large\",\"position_sticky_breakpoint\":\"m\",\"vertical_align\":\"middle\",\"width_medium\":\"1-1\"},\"children\":[{\"type\":\"headline\",\"props\":{\"content\":\"Remontti&#173;palvelut\",\"text_align\":\"center\",\"title_element\":\"h1\",\"title_style\":\"heading-small\"}}]}]}]},{\"type\":\"section\",\"props\":{\"image_position\":\"center-center\",\"style\":\"default\",\"title_breakpoint\":\"xl\",\"title_position\":\"top-left\",\"title_rotation\":\"left\",\"vertical_align\":\"\",\"width\":\"small\"},\"children\":[{\"type\":\"row\",\"children\":[{\"type\":\"column\",\"props\":{\"image_position\":\"center-center\",\"position_sticky_breakpoint\":\"m\",\"width_medium\":\"1-2\"},\"children\":[{\"type\":\"image\",\"props\":{\"image\":\"wp-content\\\/uploads\\\/2026\\\/01\\\/IMG_1648.jpg\",\"image_svg_color\":\"emphasis\",\"margin\":\"default\"}}]},{\"type\":\"column\",\"props\":{\"image_position\":\"center-center\",\"position_sticky_breakpoint\":\"m\",\"width_medium\":\"1-2\"},\"children\":[{\"type\":\"text\",\"props\":{\"column_breakpoint\":\"m\",\"content\":\"\n\n<h3>Juha t\\u00e4ss\\u00e4 moi,<\\\/h3>\\n\n\n<div>\\n\n\n<p>Olen tehnyt remontti- ja kunnossapitohommia yli 30 vuoden ajan.<\\\/p>\\n\n\n<p>Teen remonttipalveluita p\\u00e4\\u00e4s\\u00e4\\u00e4nt\\u00f6isesti v\\u00e4lityksess\\u00e4mme oleviin kohteisiin ajanjaksolla touko-lokakuu sek\\u00e4 tietysti sesonkina kiireellisemm\\u00e4t kunnossapitoty\\u00f6t majoituskohteissa. Olen tehnyt vesivahinkoremontteja, kylpyhuone-\\\/saunaremontteja sek\\u00e4 keitti\\u00f6remontteja. S\\u00e4hk\\u00f6- ja lvi-palvelut tilaamme alihankkijoilta.<\\\/p>\\n\n\n<p>Meilt\\u00e4 my\\u00f6s piha-alueiden siistimiset, puiden raivaus sek\\u00e4 nurmikoiden siistiminen.<br \\\/>Kes\\u00e4isin toimitamme my\\u00f6s sadevesikourut ja kattoturvatuotteet.<\\\/p>\\n\n\n<p>Jos kiinnostuit, kys\\u00e4sepp\\u00e4 tarjous <a href=\\\"mailto:info@rukako.fi\\\">info@rukako.fi<\\\/a><\\\/p>\\n<\\\/div>\",\"margin\":\"default\"}}]}],\"props\":{\"layout\":\"1-2,1-2\"}}]},{\"type\":\"section\",\"props\":{\"image_position\":\"center-center\",\"style\":\"default\",\"title_breakpoint\":\"xl\",\"title_position\":\"top-left\",\"title_rotation\":\"left\",\"vertical_align\":\"\",\"width\":\"default\"},\"children\":[{\"type\":\"row\",\"children\":[{\"type\":\"column\",\"props\":{\"image_position\":\"center-center\",\"position_sticky_breakpoint\":\"m\"},\"children\":[{\"type\":\"gallery\",\"props\":{\"filter_align\":\"left\",\"filter_all\":true,\"filter_grid_breakpoint\":\"m\",\"filter_grid_width\":\"auto\",\"filter_position\":\"top\",\"filter_style\":\"tab\",\"grid_default\":\"1\",\"grid_medium\":\"\",\"grid_small\":\"2\",\"image_height\":\"533\",\"image_width\":\"800\",\"item_animation\":true,\"lightbox\":true,\"lightbox_bg_close\":true,\"link_style\":\"default\",\"link_text\":\"\",\"margin\":\"default\",\"meta_align\":\"below-title\",\"meta_element\":\"div\",\"meta_margin\":\"remove\",\"meta_style\":\"h5\",\"overlay_hover\":false,\"overlay_mode\":\"cover\",\"overlay_position\":\"center\",\"overlay_style\":\"\",\"overlay_transition\":\"fade\",\"parallax_easing\":\"1\",\"show_content\":true,\"show_hover_image\":true,\"show_hover_video\":true,\"show_link\":true,\"show_meta\":true,\"show_title\":true,\"text_align\":\"center\",\"text_color\":\"light\",\"title_element\":\"h3\",\"title_hover_style\":\"reset\"},\"children\":[{\"type\":\"gallery_item\",\"props\":{\"hover_image\":\"wp-content\\\/uploads\\\/2021\\\/09\\\/01b-ennen-kaytava2.jpg\",\"image\":\"wp-content\\\/uploads\\\/2021\\\/09\\\/01c-jalkeen-kaytava.jpg\",\"image_alt\":\"K\\u00e4yt\\u00e4v\\u00e4remontti\",\"meta\":\"Laita hiiri kuvan p\\u00e4\\u00e4lle, n\\u00e4et l\\u00e4ht\\u00f6tilanteen\",\"title\":\"K\\u00e4yt\\u00e4v\\u00e4remontti\"}},{\"type\":\"gallery_item\",\"props\":{\"hover_image\":\"wp-content\\\/uploads\\\/2021\\\/09\\\/02a-ennen-oh.jpg\",\"image\":\"wp-content\\\/uploads\\\/2021\\\/09\\\/02c-jalkeen-oh.jpg\",\"image_alt\":\"Olohuone\",\"meta\":\"Laita hiiri kuvan p\\u00e4\\u00e4lle, n\\u00e4et l\\u00e4ht\\u00f6tilanteen\",\"title\":\"Olohuone\"}},{\"type\":\"gallery_item\",\"props\":{\"hover_image\":\"wp-content\\\/uploads\\\/2021\\\/09\\\/03a-ennen-sangyt.jpg\",\"image\":\"wp-content\\\/uploads\\\/2021\\\/09\\\/03b-jalkeen-seina2.jpg\",\"image_alt\":\"Makuuhuone\",\"meta\":\"Laita hiiri kuvan p\\u00e4\\u00e4lle, n\\u00e4et l\\u00e4ht\\u00f6tilanteen\",\"title\":\"Makuuhuone\"}},{\"type\":\"gallery_item\",\"props\":{\"hover_image\":\"wp-content\\\/uploads\\\/2021\\\/09\\\/05a-ennenovi.jpg\",\"image\":\"wp-content\\\/uploads\\\/2021\\\/09\\\/05b-jalkeen-ovi.jpg\",\"image_alt\":\"Ovet\",\"meta\":\"Laita hiiri kuvan p\\u00e4\\u00e4lle, n\\u00e4et l\\u00e4ht\\u00f6tilanteen\",\"title\":\"Ovet \"}},{\"type\":\"gallery_item\",\"props\":{\"hover_image\":\"wp-content\\\/uploads\\\/2021\\\/09\\\/kivakka-d20_pesuhuone_ennen.jpg\",\"image\":\"wp-content\\\/uploads\\\/2021\\\/09\\\/kivakka-d20_pesuhuone_jalkeen.jpg\",\"image_alt\":\"Kylpyhuone\",\"meta\":\"Laita hiiri kuvan p\\u00e4\\u00e4lle, n\\u00e4et l\\u00e4ht\\u00f6tilanteen\",\"title\":\"Kylpyhuone\"}},{\"type\":\"gallery_item\",\"props\":{\"hover_image\":\"wp-content\\\/uploads\\\/2021\\\/09\\\/06a-mokkiennen.jpg\",\"image\":\"wp-content\\\/uploads\\\/2021\\\/09\\\/maston-uuttu_ulkokuva-syksy.jpg\",\"image_alt\":\"Ulkomaalaukset\",\"meta\":\"Laita hiiri kuvan p\\u00e4\\u00e4lle, n\\u00e4et l\\u00e4ht\\u00f6tilanteen\",\"title\":\"Ulkomaalaukset\"}}]},{\"type\":\"headline\",\"props\":{\"content\":\"\n\n<h2>Muita rakennus- ja kunnostus\\u00adkohteita<\\\/h2>\",\"title_element\":\"h2\"}},{\"type\":\"gallery\",\"props\":{\"filter_align\":\"left\",\"filter_all\":true,\"filter_grid_breakpoint\":\"m\",\"filter_grid_width\":\"auto\",\"filter_position\":\"top\",\"filter_style\":\"tab\",\"grid_default\":\"1\",\"grid_medium\":\"3\",\"image_height\":\"533\",\"image_transition\":\"scale-up\",\"image_width\":\"800\",\"item_animation\":true,\"lightbox\":true,\"lightbox_bg_close\":true,\"link_style\":\"default\",\"link_text\":\"\",\"margin\":\"default\",\"meta_align\":\"below-title\",\"meta_element\":\"div\",\"meta_margin\":\"remove\",\"meta_style\":\"h5\",\"overlay_hover\":false,\"overlay_mode\":\"cover\",\"overlay_position\":\"center\",\"overlay_style\":\"\",\"overlay_transition\":\"fade\",\"parallax_easing\":\"1\",\"show_content\":true,\"show_hover_image\":true,\"show_hover_video\":true,\"show_link\":true,\"show_meta\":true,\"show_title\":true,\"text_align\":\"center\",\"text_color\":\"light\",\"title_element\":\"h3\",\"title_hover_style\":\"reset\"},\"children\":[{\"type\":\"gallery_item\",\"props\":{\"hover_image\":\"\",\"image\":\"wp-content\\\/uploads\\\/2021\\\/09\\\/roskakatosjavarasto.jpg\",\"image_alt\":\"Roskakatos\",\"meta\":\"\",\"title\":\"Roskakatos\"}},{\"type\":\"gallery_item\",\"props\":{\"hover_image\":\"\",\"image\":\"wp-content\\\/uploads\\\/2021\\\/09\\\/ruokapoydankasittely.jpg\",\"image_alt\":\"P\\u00f6yd\\u00e4n k\\u00e4sittely\",\"meta\":\"\",\"title\":\"P\\u00f6yd\\u00e4n k\\u00e4sittely\"}},{\"type\":\"gallery_item\",\"props\":{\"hover_image\":\"\",\"image\":\"wp-content\\\/uploads\\\/2021\\\/09\\\/terassi.jpg\",\"image_alt\":\"Terassin rakentaminen\",\"meta\":\"\",\"title\":\"Terassin rakentaminen\"}}]}]}]}]}],\"version\":\"4.5.24\"} --><\/p>\n","protected":false},"excerpt":{"rendered":"<p>Remontti&#173;palvelut Juha t\u00e4ss\u00e4 moi, Olen tehnyt remontti- ja kunnossapitohommia yli 30 vuoden ajan. Teen remonttipalveluita p\u00e4\u00e4s\u00e4\u00e4nt\u00f6isesti v\u00e4lityksess\u00e4mme oleviin kohteisiin ajanjaksolla touko-lokakuu sek\u00e4 tietysti sesonkina kiireellisemm\u00e4t kunnossapitoty\u00f6t majoituskohteissa. Olen tehnyt vesivahinkoremontteja, kylpyhuone-\/saunaremontteja sek\u00e4 keitti\u00f6remontteja. S\u00e4hk\u00f6- ja lvi-palvelut tilaamme alihankkijoilta. Meilt\u00e4 my\u00f6s piha-alueiden siistimiset, puiden raivaus sek\u00e4 nurmikoiden siistiminen.Kes\u00e4isin toimitamme my\u00f6s sadevesikourut ja kattoturvatuotteet. Jos kiinnostuit, kys\u00e4sepp\u00e4 [&hellip;]<\/p>\n","protected":false},"author":1,"featured_media":0,"parent":0,"menu_order":0,"comment_status":"closed","ping_status":"closed","template":"","meta":{"footnotes":""},"class_list":["post-182","page","type-page","status-publish","hentry"],"yoast_head":"<title>Remonttipalvelut - M\u00f6kkien ja huoneistojen keskusvaraamo, Ruka<\/title>\n<meta name=\"robots\" content=\"index, follow, max-snippet:-1, max-image-preview:large, max-video-preview:-1\" \/>\n<link rel=\"canonical\" href=\"https:\/\/www.davas.site\/rukako\/remonttipalvelut\/\" \/>\n<meta property=\"og:locale\" content=\"fi_FI\" \/>\n<meta property=\"og:type\" content=\"article\" \/>\n<meta property=\"og:title\" content=\"Remonttipalvelut - M\u00f6kkien ja huoneistojen keskusvaraamo, Ruka\" \/>\n<meta property=\"og:description\" content=\"Remontti&#173;palvelut Juha t\u00e4ss\u00e4 moi, Olen tehnyt remontti- ja kunnossapitohommia yli 30 vuoden ajan. Teen remonttipalveluita p\u00e4\u00e4s\u00e4\u00e4nt\u00f6isesti v\u00e4lityksess\u00e4mme oleviin kohteisiin ajanjaksolla touko-lokakuu sek\u00e4 tietysti sesonkina kiireellisemm\u00e4t kunnossapitoty\u00f6t majoituskohteissa. Olen tehnyt vesivahinkoremontteja, kylpyhuone-\/saunaremontteja sek\u00e4 keitti\u00f6remontteja. S\u00e4hk\u00f6- ja lvi-palvelut tilaamme alihankkijoilta. Meilt\u00e4 my\u00f6s piha-alueiden siistimiset, puiden raivaus sek\u00e4 nurmikoiden siistiminen.Kes\u00e4isin toimitamme my\u00f6s sadevesikourut ja kattoturvatuotteet. Jos kiinnostuit, kys\u00e4sepp\u00e4 [&hellip;]\" \/>\n<meta property=\"og:url\" content=\"https:\/\/www.davas.site\/rukako\/remonttipalvelut\/\" \/>\n<meta property=\"og:site_name\" content=\"M\u00f6kkien ja huoneistojen keskusvaraamo, Ruka\" \/>\n<meta property=\"article:modified_time\" content=\"2026-01-03T12:16:47+00:00\" \/>\n<meta name=\"twitter:card\" content=\"summary_large_image\" \/>\n<meta name=\"twitter:label1\" content=\"Arvioitu lukuaika\" \/>\n\t<meta name=\"twitter:data1\" content=\"1 minuutti\" \/>\n<script type=\"application\/ld+json\" class=\"yoast-schema-graph\">{\"@context\":\"https:\/\/schema.org\",\"@graph\":[{\"@type\":\"WebPage\",\"@id\":\"https:\/\/www.davas.site\/rukako\/remonttipalvelut\/\",\"url\":\"https:\/\/www.davas.site\/rukako\/remonttipalvelut\/\",\"name\":\"Remonttipalvelut - M\u00f6kkien ja huoneistojen keskusvaraamo, Ruka\",\"isPartOf\":{\"@id\":\"https:\/\/www.davas.site\/rukako\/#website\"},\"datePublished\":\"2021-09-21T12:02:34+00:00\",\"dateModified\":\"2026-01-03T12:16:47+00:00\",\"breadcrumb\":{\"@id\":\"https:\/\/www.davas.site\/rukako\/remonttipalvelut\/#breadcrumb\"},\"inLanguage\":\"fi\",\"potentialAction\":[{\"@type\":\"ReadAction\",\"target\":[\"https:\/\/www.davas.site\/rukako\/remonttipalvelut\/\"]}]},{\"@type\":\"BreadcrumbList\",\"@id\":\"https:\/\/www.davas.site\/rukako\/remonttipalvelut\/#breadcrumb\",\"itemListElement\":[{\"@type\":\"ListItem\",\"position\":1,\"name\":\"Etusivu\",\"item\":\"https:\/\/www.davas.site\/rukako\/\"},{\"@type\":\"ListItem\",\"position\":2,\"name\":\"Remonttipalvelut\"}]},{\"@type\":\"WebSite\",\"@id\":\"https:\/\/www.davas.site\/rukako\/#website\",\"url\":\"https:\/\/www.davas.site\/rukako\/\",\"name\":\"M\u00f6kkien ja huoneistojen keskusvaraamo, Ruka\",\"description\":\"Noin 130 kohdetta Rukan alueella\",\"potentialAction\":[{\"@type\":\"SearchAction\",\"target\":{\"@type\":\"EntryPoint\",\"urlTemplate\":\"https:\/\/www.davas.site\/rukako\/?s={search_term_string}\"},\"query-input\":{\"@type\":\"PropertyValueSpecification\",\"valueRequired\":true,\"valueName\":\"search_term_string\"}}],\"inLanguage\":\"fi\"}]}<\/script>","yoast_head_json":{"title":"Remonttipalvelut - M\u00f6kkien ja huoneistojen keskusvaraamo, Ruka","robots":{"index":"index","follow":"follow","max-snippet":"max-snippet:-1","max-image-preview":"max-image-preview:large","max-video-preview":"max-video-preview:-1"},"canonical":"https:\/\/www.davas.site\/rukako\/remonttipalvelut\/","og_locale":"fi_FI","og_type":"article","og_title":"Remonttipalvelut - M\u00f6kkien ja huoneistojen keskusvaraamo, Ruka","og_description":"Remontti&#173;palvelut Juha t\u00e4ss\u00e4 moi, Olen tehnyt remontti- ja kunnossapitohommia yli 30 vuoden ajan. Teen remonttipalveluita p\u00e4\u00e4s\u00e4\u00e4nt\u00f6isesti v\u00e4lityksess\u00e4mme oleviin kohteisiin ajanjaksolla touko-lokakuu sek\u00e4 tietysti sesonkina kiireellisemm\u00e4t kunnossapitoty\u00f6t majoituskohteissa. Olen tehnyt vesivahinkoremontteja, kylpyhuone-\/saunaremontteja sek\u00e4 keitti\u00f6remontteja. S\u00e4hk\u00f6- ja lvi-palvelut tilaamme alihankkijoilta. Meilt\u00e4 my\u00f6s piha-alueiden siistimiset, puiden raivaus sek\u00e4 nurmikoiden siistiminen.Kes\u00e4isin toimitamme my\u00f6s sadevesikourut ja kattoturvatuotteet. Jos kiinnostuit, kys\u00e4sepp\u00e4 [&hellip;]","og_url":"https:\/\/www.davas.site\/rukako\/remonttipalvelut\/","og_site_name":"M\u00f6kkien ja huoneistojen keskusvaraamo, Ruka","article_modified_time":"2026-01-03T12:16:47+00:00","twitter_card":"summary_large_image","twitter_misc":{"Arvioitu lukuaika":"1 minuutti"},"schema":{"@context":"https:\/\/schema.org","@graph":[{"@type":"WebPage","@id":"https:\/\/www.davas.site\/rukako\/remonttipalvelut\/","url":"https:\/\/www.davas.site\/rukako\/remonttipalvelut\/","name":"Remonttipalvelut - M\u00f6kkien ja huoneistojen keskusvaraamo, Ruka","isPartOf":{"@id":"https:\/\/www.davas.site\/rukako\/#website"},"datePublished":"2021-09-21T12:02:34+00:00","dateModified":"2026-01-03T12:16:47+00:00","breadcrumb":{"@id":"https:\/\/www.davas.site\/rukako\/remonttipalvelut\/#breadcrumb"},"inLanguage":"fi","potentialAction":[{"@type":"ReadAction","target":["https:\/\/www.davas.site\/rukako\/remonttipalvelut\/"]}]},{"@type":"BreadcrumbList","@id":"https:\/\/www.davas.site\/rukako\/remonttipalvelut\/#breadcrumb","itemListElement":[{"@type":"ListItem","position":1,"name":"Etusivu","item":"https:\/\/www.davas.site\/rukako\/"},{"@type":"ListItem","position":2,"name":"Remonttipalvelut"}]},{"@type":"WebSite","@id":"https:\/\/www.davas.site\/rukako\/#website","url":"https:\/\/www.davas.site\/rukako\/","name":"M\u00f6kkien ja huoneistojen keskusvaraamo, Ruka","description":"Noin 130 kohdetta Rukan alueella","potentialAction":[{"@type":"SearchAction","target":{"@type":"EntryPoint","urlTemplate":"https:\/\/www.davas.site\/rukako\/?s={search_term_string}"},"query-input":{"@type":"PropertyValueSpecification","valueRequired":true,"valueName":"search_term_string"}}],"inLanguage":"fi"}]}},"publishpress_future_action":{"enabled":false,"date":"2026-05-07 20:47:36","action":"change-status","newStatus":"draft","terms":[],"taxonomy":"translation_priority","extraData":[]},"publishpress_future_workflow_manual_trigger":{"enabledWorkflows":[]},"_links":{"self":[{"href":"https:\/\/www.davas.site\/rukako\/wp-json\/wp\/v2\/pages\/182","targetHints":{"allow":["GET"]}}],"collection":[{"href":"https:\/\/www.davas.site\/rukako\/wp-json\/wp\/v2\/pages"}],"about":[{"href":"https:\/\/www.davas.site\/rukako\/wp-json\/wp\/v2\/types\/page"}],"author":[{"embeddable":true,"href":"https:\/\/www.davas.site\/rukako\/wp-json\/wp\/v2\/users\/1"}],"replies":[{"embeddable":true,"href":"https:\/\/www.davas.site\/rukako\/wp-json\/wp\/v2\/comments?post=182"}],"version-history":[{"count":6,"href":"https:\/\/www.davas.site\/rukako\/wp-json\/wp\/v2\/pages\/182\/revisions"}],"predecessor-version":[{"id":2805,"href":"https:\/\/www.davas.site\/rukako\/wp-json\/wp\/v2\/pages\/182\/revisions\/2805"}],"wp:attachment":[{"href":"https:\/\/www.davas.site\/rukako\/wp-json\/wp\/v2\/media?parent=182"}],"curies":[{"name":"wp","href":"https:\/\/api.w.org\/{rel}","templated":true}]}}