{"id":2021,"date":"2025-10-09T08:24:25","date_gmt":"2025-10-09T05:24:25","guid":{"rendered":"https:\/\/www.davas.site\/rukako\/?page_id=2021"},"modified":"2026-01-03T14:21:19","modified_gmt":"2026-01-03T12:21:19","slug":"palvelut","status":"publish","type":"page","link":"https:\/\/www.davas.site\/rukako\/palvelut\/","title":{"rendered":"Palvelut"},"content":{"rendered":"<h3><a href=\"#2\">Rukakon palvelut \u2013 rentoudu ja luota ammattilaisiin<\/a><\/h3>\n<div>\n<h4 style=\"text-align: left;\">Haluatko lis\u00e4t\u00e4 ripauksen rentoutta lomallesi tai etsitk\u00f6 luotettavaa remontti- ja huoltoapua? Rukako auttaa molemmissa. Olipa kyse ulkopaljun vuokrauksesta t\u00e4htitaivaan alle tai yli 30 vuoden kokemuksella tehdyst\u00e4 remonttity\u00f6st\u00e4, teemme Ruka\u2013Kuusamon kokemuksestasi helpon ja huolettoman.<\/h4>\n<\/div>\n<p><img decoding=\"async\" src=\"\/rukako\/wp-content\/uploads\/2021\/10\/rukako-palju.jpg\" alt=\"\"><\/p>\n<h3><a href=\"#2\">Vuokraa palju Ruka\u2013Kuusamossa<\/a><\/h3>\n<div>\n<p>Rentoudu ja nauti Ota hetki itsellesi ja nauti oman ulkopaljusi l\u00e4mm\u00f6st\u00e4 ja rauhasta.<\/p>\n<p>Palju on omatoimik\u00e4ytt\u00f6inen, ja sen kuljettamiseen tarvitaan auto vetokoukulla sek\u00e4 B-ajokortti. <\/p>\n<p>Paljun valmistelu ja l\u00e4mmitys viev\u00e4t noin 2\u20133 tuntia ulkol\u00e4mp\u00f6tilasta riippuen. <\/p>\n<p>Paljun vuokraus on mahdollista Rukakon hallinnoimissa majoituskohteissa, joissa k\u00e4ytt\u00f6 on sallittu. <\/p>\n<p>Lis\u00e4maksu: 40 \u20ac <\/p>\n<p>Varaustiedustelut: info@rukako.fi<\/p>\n<\/div>\n<h3><a href=\"#2\">Remonttipalvelut<\/a><\/h3>\n<div>\n<p data-start=\"896\" data-end=\"1000\">Tarjoamme yli 30 vuoden kokemuksella luotettavia remontti- ja huoltopalveluja monenlaisiin tarpeisiin.<\/p>\n<p data-start=\"1002\" data-end=\"1131\">Palvelemme ensisijaisesti Rukakon hallinnoimia kohteita toukokuusta lokakuuhun sek\u00e4 sesonkiaikojen kiireellisiss\u00e4 huoltot\u00f6iss\u00e4.<\/p>\n<p data-start=\"1133\" data-end=\"1230\">Laaja kokemuksemme kattaa:<br data-start=\"1159\" data-end=\"1162\" \/>\u2013 Vesivahinkokorjaukset<br data-start=\"1185\" data-end=\"1188\" \/>\u2013 Kylpyhuone-, sauna- ja keitti\u00f6remontit<\/p>\n<p data-start=\"1232\" data-end=\"1308\">Teemme yhteisty\u00f6t\u00e4 luotettavien s\u00e4hk\u00f6- ja LVI-alan alihankkijoiden kanssa.<\/p>\n<p data-start=\"1310\" data-end=\"1486\">Lis\u00e4palveluina tarjoamme:<br data-start=\"1335\" data-end=\"1338\" \/>\u2013 Pihasiivoukset ja pihanhoito<br data-start=\"1368\" data-end=\"1371\" \/>\u2013 Puunkaadot ja nurmikonhoito<br data-start=\"1400\" data-end=\"1403\" \/>\u2013 Sadevesikourujen ja kattoturvatuotteiden toimitukset ja asennukset kes\u00e4kaudella<\/p>\n<p data-start=\"1488\" data-end=\"1528\"><strong data-start=\"1488\" data-end=\"1506\">Kiinnostuitko?<\/strong><\/p>\n<p><span>Kysy tarjous:\u00a0 info@rukako.fi<\/span><\/p>\n<\/div>\n<p><p>\n        <a href=\"https:\/\/www.davas.site\/rukako\/remonttipalvelut\/\">LUE LIS\u00c4\u00c4<\/a>\n    <\/p>\n<\/p>\n<p><img decoding=\"async\" src=\"\/rukako\/wp-content\/uploads\/2021\/09\/04b-jalkeen-huone.jpg\" alt=\"\"><\/p>\n<p><!--more--><br \/>\n<!-- {\"type\":\"layout\",\"children\":[{\"name\":\"Hero\",\"type\":\"section\",\"props\":{\"animation\":\"slide-top\",\"height\":\"viewport\",\"height_viewport\":60,\"image\":\"wp-content\\\/uploads\\\/2026\\\/01\\\/IMG_0198.jpg\",\"image_position\":\"bottom-left\",\"image_size\":\"cover\",\"image_width\":\"1920\",\"media_background\":\"#1e3040\",\"media_focal_point\":\"top-center\",\"overlap\":false,\"padding_remove_bottom\":false,\"padding_remove_top\":false,\"preserve_color\":true,\"style\":\"secondary\",\"title_breakpoint\":\"xl\",\"title_position\":\"top-left\",\"title_rotation\":\"left\",\"vertical_align\":\"\",\"width\":\"default\"},\"children\":[{\"type\":\"row\",\"children\":[{\"type\":\"column\",\"props\":{\"image_position\":\"center-center\",\"image_size\":\"contain\",\"image_width\":\"690\",\"padding\":\"large\",\"position_sticky_breakpoint\":\"m\",\"vertical_align\":\"middle\",\"width_medium\":\"1-1\"}}]}]},{\"name\":\"Esittely\",\"type\":\"section\",\"props\":{\"animation\":\"slide-top-medium\",\"height_viewport\":false,\"image_position\":\"bottom-center\",\"image_size\":\"cover\",\"image_width\":\"1920\",\"overlap\":true,\"padding_remove_top\":false,\"style\":\"default\",\"text_color\":\"dark\",\"title_breakpoint\":\"xl\",\"title_position\":\"top-left\",\"title_rotation\":\"left\",\"vertical_align\":\"\",\"width\":\"small\"},\"children\":[{\"type\":\"row\",\"props\":{\"column_gap\":\"large\",\"margin\":\"large\",\"row_gap\":\"large\"},\"children\":[{\"type\":\"column\",\"props\":{\"image_position\":\"center-center\",\"position_sticky_breakpoint\":\"m\",\"vertical_align\":\"middle\"},\"children\":[{\"type\":\"headline\",\"props\":{\"animation\":\"slide-left-medium\",\"content\":\"Rukakon palvelut \\u2013 rentoudu ja luota ammattilaisiin\",\"link\":\"#2\",\"margin\":\"small\",\"text_align\":\"left\",\"text_align_breakpoint\":\"m\",\"text_align_fallback\":\"center\",\"title_element\":\"h3\",\"title_style\":\"h2\"}},{\"type\":\"text\",\"props\":{\"animation\":\"slide-left-medium\",\"column_breakpoint\":\"m\",\"content\":\"\n\n<h4 style=\\\"text-align: left;\\\">Haluatko lis\\u00e4t\\u00e4 ripauksen rentoutta lomallesi tai etsitk\\u00f6 luotettavaa remontti- ja huoltoapua? Rukako auttaa molemmissa. Olipa kyse ulkopaljun vuokrauksesta t\\u00e4htitaivaan alle tai yli 30 vuoden kokemuksella tehdyst\\u00e4 remonttity\\u00f6st\\u00e4, teemme Ruka\\u2013Kuusamon kokemuksestasi helpon ja huolettoman.<\\\/h4>\",\"margin\":\"medium\",\"text_align\":\"left\",\"text_align_breakpoint\":\"m\",\"text_align_fallback\":\"center\"}}]}]}]},{\"name\":\"Esittely\",\"type\":\"section\",\"props\":{\"animation\":\"slide-top-medium\",\"height_viewport\":false,\"image_position\":\"bottom-center\",\"image_size\":\"cover\",\"image_width\":\"1920\",\"overlap\":true,\"padding_remove_top\":false,\"style\":\"default\",\"text_color\":\"dark\",\"title_breakpoint\":\"xl\",\"title_position\":\"top-left\",\"title_rotation\":\"left\",\"vertical_align\":\"\",\"width\":\"small\"},\"children\":[{\"type\":\"row\",\"props\":{\"column_gap\":\"large\",\"layout\":\"1-2,1-2\",\"margin\":\"large\",\"row_gap\":\"large\"},\"children\":[{\"type\":\"column\",\"props\":{\"image_position\":\"center-center\",\"position_sticky_breakpoint\":\"m\",\"vertical_align\":\"middle\",\"width_medium\":\"1-2\"},\"children\":[{\"type\":\"image\",\"props\":{\"image\":\"wp-content\\\/uploads\\\/2021\\\/10\\\/rukako-palju.jpg\",\"image_svg_color\":\"emphasis\",\"margin\":\"default\"}}]},{\"type\":\"column\",\"props\":{\"image_position\":\"center-center\",\"position_sticky_breakpoint\":\"m\",\"width_medium\":\"1-2\"},\"children\":[{\"type\":\"headline\",\"props\":{\"animation\":\"slide-left-medium\",\"content\":\"Vuokraa palju Ruka\\u2013Kuusamossa\",\"link\":\"#2\",\"margin\":\"small\",\"text_align\":\"left\",\"text_align_breakpoint\":\"m\",\"text_align_fallback\":\"center\",\"title_element\":\"h3\",\"title_style\":\"h3\"}},{\"type\":\"text\",\"props\":{\"animation\":\"slide-left-medium\",\"column_breakpoint\":\"m\",\"content\":\"\n\n<p>Rentoudu ja nauti Ota hetki itsellesi ja nauti oman ulkopaljusi l\\u00e4mm\\u00f6st\\u00e4 ja rauhasta.<br \\\/><br \\\/>Palju on omatoimik\\u00e4ytt\\u00f6inen, ja sen kuljettamiseen tarvitaan auto vetokoukulla sek\\u00e4 B-ajokortti. <br \\\/><br \\\/>Paljun valmistelu ja l\\u00e4mmitys viev\\u00e4t noin 2\\u20133 tuntia ulkol\\u00e4mp\\u00f6tilasta riippuen. <br \\\/><br \\\/>Paljun vuokraus on mahdollista Rukakon hallinnoimissa majoituskohteissa, joissa k\\u00e4ytt\\u00f6 on sallittu. <br \\\/><br \\\/>Lis\\u00e4maksu: 40 \\u20ac <br \\\/><br \\\/>Varaustiedustelut: info@rukako.fi<\\\/p>\",\"margin\":\"medium\",\"text_align\":\"left\",\"text_align_breakpoint\":\"m\",\"text_align_fallback\":\"center\"}}]}]},{\"type\":\"row\",\"props\":{\"class\":\"swap-on-phone\",\"column_gap\":\"large\",\"id\":\"swap-on-phone\",\"layout\":\"1-2,1-2\",\"margin\":\"large\",\"row_gap\":\"large\"},\"children\":[{\"type\":\"column\",\"props\":{\"image_position\":\"center-center\",\"position_sticky_breakpoint\":\"m\",\"vertical_align\":\"middle\",\"width_medium\":\"1-2\"},\"children\":[{\"type\":\"headline\",\"props\":{\"animation\":\"slide-left-medium\",\"content\":\"Remonttipalvelut\",\"link\":\"#2\",\"margin\":\"small\",\"text_align\":\"left\",\"text_align_breakpoint\":\"m\",\"text_align_fallback\":\"center\",\"title_element\":\"h3\",\"title_style\":\"h3\"}},{\"type\":\"text\",\"props\":{\"animation\":\"slide-left-medium\",\"column_breakpoint\":\"m\",\"content\":\"\n\n<p data-start=\\\"896\\\" data-end=\\\"1000\\\">Tarjoamme yli 30 vuoden kokemuksella luotettavia remontti- ja huoltopalveluja monenlaisiin tarpeisiin.<\\\/p>\\n\n\n<p data-start=\\\"1002\\\" data-end=\\\"1131\\\">Palvelemme ensisijaisesti Rukakon hallinnoimia kohteita toukokuusta lokakuuhun sek\\u00e4 sesonkiaikojen kiireellisiss\\u00e4 huoltot\\u00f6iss\\u00e4.<\\\/p>\\n\n\n<p data-start=\\\"1133\\\" data-end=\\\"1230\\\">Laaja kokemuksemme kattaa:<br data-start=\\\"1159\\\" data-end=\\\"1162\\\" \\\/>\\u2013 Vesivahinkokorjaukset<br data-start=\\\"1185\\\" data-end=\\\"1188\\\" \\\/>\\u2013 Kylpyhuone-, sauna- ja keitti\\u00f6remontit<\\\/p>\\n\n\n<p data-start=\\\"1232\\\" data-end=\\\"1308\\\">Teemme yhteisty\\u00f6t\\u00e4 luotettavien s\\u00e4hk\\u00f6- ja LVI-alan alihankkijoiden kanssa.<\\\/p>\\n\n\n<p data-start=\\\"1310\\\" data-end=\\\"1486\\\">Lis\\u00e4palveluina tarjoamme:<br data-start=\\\"1335\\\" data-end=\\\"1338\\\" \\\/>\\u2013 Pihasiivoukset ja pihanhoito<br data-start=\\\"1368\\\" data-end=\\\"1371\\\" \\\/>\\u2013 Puunkaadot ja nurmikonhoito<br data-start=\\\"1400\\\" data-end=\\\"1403\\\" \\\/>\\u2013 Sadevesikourujen ja kattoturvatuotteiden toimitukset ja asennukset kes\\u00e4kaudella<\\\/p>\\n\n\n<p data-start=\\\"1488\\\" data-end=\\\"1528\\\"><strong data-start=\\\"1488\\\" data-end=\\\"1506\\\">Kiinnostuitko?<\\\/strong><\\\/p>\\n\n\n<p><span>Kysy tarjous:\\u00a0 info@rukako.fi<\\\/span><\\\/p>\",\"margin\":\"medium\",\"text_align\":\"left\",\"text_align_breakpoint\":\"m\",\"text_align_fallback\":\"center\"}},{\"type\":\"button\",\"props\":{\"animation\":\"slide-bottom-medium\",\"fullwidth\":false,\"grid_column_gap\":\"small\",\"grid_row_gap\":\"small\",\"margin\":\"\",\"text_align\":\"left\",\"text_align_breakpoint\":\"m\",\"text_align_fallback\":\"center\"},\"children\":[{\"type\":\"button_item\",\"props\":{\"button_style\":\"primary\",\"content\":\"LUE LIS\\u00c4\\u00c4\",\"dialog_layout\":\"modal\",\"dialog_offcanvas_flip\":true,\"icon\":\"\",\"icon_align\":\"left\",\"link\":\"remonttipalvelut\\\/\",\"link_target\":\"blank\"}}],\"name\":\"Button BLUE\"}]},{\"type\":\"column\",\"props\":{\"image_position\":\"center-center\",\"position_sticky_breakpoint\":\"m\",\"width_medium\":\"1-2\"},\"children\":[{\"type\":\"image\",\"props\":{\"image\":\"wp-content\\\/uploads\\\/2021\\\/09\\\/04b-jalkeen-huone.jpg\",\"image_svg_color\":\"emphasis\",\"margin\":\"default\"}}]}]}]},{\"type\":\"section\",\"props\":{\"image\":\"https:\\\/\\\/www.davas.site\\\/rukako\\\/wp-content\\\/uploads\\\/2021\\\/09\\\/rukako_talvea.jpg\",\"image_position\":\"center-center\",\"image_size\":\"cover\",\"media_visibility\":\"m\",\"status\":\"disabled\",\"style\":\"muted\",\"title_breakpoint\":\"xl\",\"title_position\":\"top-left\",\"title_rotation\":\"left\",\"vertical_align\":\"\",\"width\":\"default\"},\"children\":[{\"type\":\"row\",\"children\":[{\"type\":\"column\",\"props\":{\"image_position\":\"center-center\",\"position_sticky_breakpoint\":\"m\"},\"children\":[{\"type\":\"headline\",\"props\":{\"content\":\"<span>Speed up your day!<\\\/span>\",\"title_element\":\"h1\"}},{\"type\":\"grid\",\"props\":{\"content_column_breakpoint\":\"m\",\"content_margin\":\"small\",\"filter\":false,\"filter_align\":\"left\",\"filter_all\":false,\"filter_grid_breakpoint\":\"m\",\"filter_grid_width\":\"auto\",\"filter_position\":\"top\",\"filter_reverse\":false,\"filter_style\":\"tab\",\"grid_column_gap\":\"small\",\"grid_default\":\"1\",\"grid_medium\":\"4\",\"grid_row_gap\":\"small\",\"grid_small\":\"2\",\"icon_width\":80,\"image_align\":\"top\",\"image_grid_breakpoint\":\"m\",\"image_grid_width\":\"1-2\",\"image_svg_color\":\"emphasis\",\"item_animation\":true,\"lightbox_bg_close\":true,\"link_size\":\"small\",\"link_style\":\"default\",\"link_text\":\"Read more\",\"margin\":\"default\",\"meta_align\":\"below-title\",\"meta_element\":\"div\",\"meta_margin\":\"small\",\"meta_style\":\"text-meta\",\"panel_image_no_padding\":false,\"panel_link\":true,\"panel_link_hover\":\"true\",\"panel_padding\":\"small\",\"panel_style\":\"card-default\",\"parallax_easing\":\"1\",\"show_content\":true,\"show_hover_image\":true,\"show_hover_video\":true,\"show_image\":true,\"show_link\":true,\"show_meta\":true,\"show_title\":true,\"show_video\":true,\"text_align\":\"center\",\"title_align\":\"top\",\"title_element\":\"h3\",\"title_grid_breakpoint\":\"m\",\"title_grid_width\":\"1-2\",\"title_hover_style\":\"reset\",\"title_margin\":\"small\"},\"children\":[{\"type\":\"grid_item\",\"props\":{\"content\":\"\n\n<p>10 \\u20ac\\\/day<br \\\/>extra day 5 \\u20ac\\\/day<\\\/p>\",\"image\":\"\",\"link\":\"tel:+358207344791\",\"link_text\":\"Call +358 20 7344 791\",\"meta\":\"winter time\",\"title\":\"KickSpark\"}},{\"type\":\"grid_item\",\"props\":{\"content\":\"\n\n<p>20 \\u20ac\\\/day<br \\\/>extra day 10 \\u20ac\\\/day<\\\/p>\",\"link\":\"tel:+358207344791\",\"link_text\":\"Call +358 20 7344 791\",\"meta\":\"winter \",\"title\":\"Skin based skis\"}},{\"type\":\"grid_item\",\"props\":{\"content\":\"\n\n<p>50 \\u20ac\\\/day<br \\\/>extra day 15 \\u20ac\\\/day<\\\/p>\",\"meta\":\"summer\",\"title\":\"Electric scooter\"}},{\"type\":\"grid_item\",\"props\":{\"content\":\"\n\n<p>10 \\u20ac\\\/4 h<br \\\/>15 \\u20ac\\\/day<br \\\/>25 \\u20ac\\\/24h <br \\\/>Incl. helmet<\\\/p>\",\"meta\":\"summer\",\"title\":\"Bicycles\"}}]}]}],\"props\":{\"width\":\"default\"}}]}],\"version\":\"4.5.24\"} --><\/p>\n","protected":false},"excerpt":{"rendered":"<p>Rukakon palvelut \u2013 rentoudu ja luota ammattilaisiin Haluatko lis\u00e4t\u00e4 ripauksen rentoutta lomallesi tai etsitk\u00f6 luotettavaa remontti- ja huoltoapua? Rukako auttaa molemmissa. Olipa kyse ulkopaljun vuokrauksesta t\u00e4htitaivaan alle tai yli 30 vuoden kokemuksella tehdyst\u00e4 remonttity\u00f6st\u00e4, teemme Ruka\u2013Kuusamon kokemuksestasi helpon ja huolettoman. Vuokraa palju Ruka\u2013Kuusamossa Rentoudu ja nauti Ota hetki itsellesi ja nauti oman ulkopaljusi l\u00e4mm\u00f6st\u00e4 ja [&hellip;]<\/p>\n","protected":false},"author":4,"featured_media":0,"parent":0,"menu_order":0,"comment_status":"closed","ping_status":"closed","template":"","meta":{"footnotes":""},"class_list":["post-2021","page","type-page","status-publish","hentry"],"yoast_head":"<title>Palvelut - M\u00f6kkien ja huoneistojen keskusvaraamo, Ruka<\/title>\n<meta name=\"robots\" content=\"index, follow, max-snippet:-1, max-image-preview:large, max-video-preview:-1\" \/>\n<link rel=\"canonical\" href=\"https:\/\/www.davas.site\/rukako\/palvelut\/\" \/>\n<meta property=\"og:locale\" content=\"fi_FI\" \/>\n<meta property=\"og:type\" content=\"article\" \/>\n<meta property=\"og:title\" content=\"Palvelut - M\u00f6kkien ja huoneistojen keskusvaraamo, Ruka\" \/>\n<meta property=\"og:description\" content=\"Rukakon palvelut \u2013 rentoudu ja luota ammattilaisiin Haluatko lis\u00e4t\u00e4 ripauksen rentoutta lomallesi tai etsitk\u00f6 luotettavaa remontti- ja huoltoapua? Rukako auttaa molemmissa. Olipa kyse ulkopaljun vuokrauksesta t\u00e4htitaivaan alle tai yli 30 vuoden kokemuksella tehdyst\u00e4 remonttity\u00f6st\u00e4, teemme Ruka\u2013Kuusamon kokemuksestasi helpon ja huolettoman. Vuokraa palju Ruka\u2013Kuusamossa Rentoudu ja nauti Ota hetki itsellesi ja nauti oman ulkopaljusi l\u00e4mm\u00f6st\u00e4 ja [&hellip;]\" \/>\n<meta property=\"og:url\" content=\"https:\/\/www.davas.site\/rukako\/palvelut\/\" \/>\n<meta property=\"og:site_name\" content=\"M\u00f6kkien ja huoneistojen keskusvaraamo, Ruka\" \/>\n<meta property=\"article:modified_time\" content=\"2026-01-03T12:21:19+00:00\" \/>\n<meta name=\"twitter:card\" content=\"summary_large_image\" \/>\n<script type=\"application\/ld+json\" class=\"yoast-schema-graph\">{\"@context\":\"https:\/\/schema.org\",\"@graph\":[{\"@type\":\"WebPage\",\"@id\":\"https:\/\/www.davas.site\/rukako\/palvelut\/\",\"url\":\"https:\/\/www.davas.site\/rukako\/palvelut\/\",\"name\":\"Palvelut - M\u00f6kkien ja huoneistojen keskusvaraamo, Ruka\",\"isPartOf\":{\"@id\":\"https:\/\/www.davas.site\/rukako\/#website\"},\"datePublished\":\"2025-10-09T05:24:25+00:00\",\"dateModified\":\"2026-01-03T12:21:19+00:00\",\"breadcrumb\":{\"@id\":\"https:\/\/www.davas.site\/rukako\/palvelut\/#breadcrumb\"},\"inLanguage\":\"fi\",\"potentialAction\":[{\"@type\":\"ReadAction\",\"target\":[\"https:\/\/www.davas.site\/rukako\/palvelut\/\"]}]},{\"@type\":\"BreadcrumbList\",\"@id\":\"https:\/\/www.davas.site\/rukako\/palvelut\/#breadcrumb\",\"itemListElement\":[{\"@type\":\"ListItem\",\"position\":1,\"name\":\"Etusivu\",\"item\":\"https:\/\/www.davas.site\/rukako\/\"},{\"@type\":\"ListItem\",\"position\":2,\"name\":\"Palvelut\"}]},{\"@type\":\"WebSite\",\"@id\":\"https:\/\/www.davas.site\/rukako\/#website\",\"url\":\"https:\/\/www.davas.site\/rukako\/\",\"name\":\"M\u00f6kkien ja huoneistojen keskusvaraamo, Ruka\",\"description\":\"Noin 130 kohdetta Rukan alueella\",\"potentialAction\":[{\"@type\":\"SearchAction\",\"target\":{\"@type\":\"EntryPoint\",\"urlTemplate\":\"https:\/\/www.davas.site\/rukako\/?s={search_term_string}\"},\"query-input\":{\"@type\":\"PropertyValueSpecification\",\"valueRequired\":true,\"valueName\":\"search_term_string\"}}],\"inLanguage\":\"fi\"}]}<\/script>","yoast_head_json":{"title":"Palvelut - M\u00f6kkien ja huoneistojen keskusvaraamo, Ruka","robots":{"index":"index","follow":"follow","max-snippet":"max-snippet:-1","max-image-preview":"max-image-preview:large","max-video-preview":"max-video-preview:-1"},"canonical":"https:\/\/www.davas.site\/rukako\/palvelut\/","og_locale":"fi_FI","og_type":"article","og_title":"Palvelut - M\u00f6kkien ja huoneistojen keskusvaraamo, Ruka","og_description":"Rukakon palvelut \u2013 rentoudu ja luota ammattilaisiin Haluatko lis\u00e4t\u00e4 ripauksen rentoutta lomallesi tai etsitk\u00f6 luotettavaa remontti- ja huoltoapua? Rukako auttaa molemmissa. Olipa kyse ulkopaljun vuokrauksesta t\u00e4htitaivaan alle tai yli 30 vuoden kokemuksella tehdyst\u00e4 remonttity\u00f6st\u00e4, teemme Ruka\u2013Kuusamon kokemuksestasi helpon ja huolettoman. Vuokraa palju Ruka\u2013Kuusamossa Rentoudu ja nauti Ota hetki itsellesi ja nauti oman ulkopaljusi l\u00e4mm\u00f6st\u00e4 ja [&hellip;]","og_url":"https:\/\/www.davas.site\/rukako\/palvelut\/","og_site_name":"M\u00f6kkien ja huoneistojen keskusvaraamo, Ruka","article_modified_time":"2026-01-03T12:21:19+00:00","twitter_card":"summary_large_image","schema":{"@context":"https:\/\/schema.org","@graph":[{"@type":"WebPage","@id":"https:\/\/www.davas.site\/rukako\/palvelut\/","url":"https:\/\/www.davas.site\/rukako\/palvelut\/","name":"Palvelut - M\u00f6kkien ja huoneistojen keskusvaraamo, Ruka","isPartOf":{"@id":"https:\/\/www.davas.site\/rukako\/#website"},"datePublished":"2025-10-09T05:24:25+00:00","dateModified":"2026-01-03T12:21:19+00:00","breadcrumb":{"@id":"https:\/\/www.davas.site\/rukako\/palvelut\/#breadcrumb"},"inLanguage":"fi","potentialAction":[{"@type":"ReadAction","target":["https:\/\/www.davas.site\/rukako\/palvelut\/"]}]},{"@type":"BreadcrumbList","@id":"https:\/\/www.davas.site\/rukako\/palvelut\/#breadcrumb","itemListElement":[{"@type":"ListItem","position":1,"name":"Etusivu","item":"https:\/\/www.davas.site\/rukako\/"},{"@type":"ListItem","position":2,"name":"Palvelut"}]},{"@type":"WebSite","@id":"https:\/\/www.davas.site\/rukako\/#website","url":"https:\/\/www.davas.site\/rukako\/","name":"M\u00f6kkien ja huoneistojen keskusvaraamo, Ruka","description":"Noin 130 kohdetta Rukan alueella","potentialAction":[{"@type":"SearchAction","target":{"@type":"EntryPoint","urlTemplate":"https:\/\/www.davas.site\/rukako\/?s={search_term_string}"},"query-input":{"@type":"PropertyValueSpecification","valueRequired":true,"valueName":"search_term_string"}}],"inLanguage":"fi"}]}},"publishpress_future_action":{"enabled":false,"date":"2026-05-07 20:44:09","action":"change-status","newStatus":"draft","terms":[],"taxonomy":"translation_priority","extraData":[]},"publishpress_future_workflow_manual_trigger":{"enabledWorkflows":[]},"_links":{"self":[{"href":"https:\/\/www.davas.site\/rukako\/wp-json\/wp\/v2\/pages\/2021","targetHints":{"allow":["GET"]}}],"collection":[{"href":"https:\/\/www.davas.site\/rukako\/wp-json\/wp\/v2\/pages"}],"about":[{"href":"https:\/\/www.davas.site\/rukako\/wp-json\/wp\/v2\/types\/page"}],"author":[{"embeddable":true,"href":"https:\/\/www.davas.site\/rukako\/wp-json\/wp\/v2\/users\/4"}],"replies":[{"embeddable":true,"href":"https:\/\/www.davas.site\/rukako\/wp-json\/wp\/v2\/comments?post=2021"}],"version-history":[{"count":10,"href":"https:\/\/www.davas.site\/rukako\/wp-json\/wp\/v2\/pages\/2021\/revisions"}],"predecessor-version":[{"id":2818,"href":"https:\/\/www.davas.site\/rukako\/wp-json\/wp\/v2\/pages\/2021\/revisions\/2818"}],"wp:attachment":[{"href":"https:\/\/www.davas.site\/rukako\/wp-json\/wp\/v2\/media?parent=2021"}],"curies":[{"name":"wp","href":"https:\/\/api.w.org\/{rel}","templated":true}]}}