{"id":2193,"date":"2025-10-09T14:19:07","date_gmt":"2025-10-09T11:19:07","guid":{"rendered":"https:\/\/www.davas.site\/rukako\/our-story\/"},"modified":"2026-01-03T10:11:53","modified_gmt":"2026-01-03T08:11:53","slug":"tarinamme","status":"publish","type":"page","link":"https:\/\/www.davas.site\/rukako\/tarinamme\/","title":{"rendered":"Tarinamme"},"content":{"rendered":"<h3><a href=\"#2\">Meist\u00e4 \u2013 Rukakon tarina<\/a><\/h3>\n<p><img decoding=\"async\" src=\"\/rukako\/wp-content\/uploads\/2026\/01\/IMG_1657.jpg\" alt=\"\"><\/p>\n<div>\n<h4>Rukako on perheyritys, jonka juuret ulottuvat vuoteen 1992. Yrityksen perusti Juhan \u00e4iti, aluksi pienimuotoisena toimintana Rukan matkailun syd\u00e4mess\u00e4. Vuosien varrella toiminta on kasvanut ja kehittynyt yhdess\u00e4 Rukan alueen kanssa \u2013 mutta perheyritt\u00e4jyyden arvot, aito tekemisen ilo ja asiakkaiden huomioiminen ovat s\u00e4ilyneet kaiken ytimess\u00e4.<\/h4>\n<\/div>\n<div>\n<p>Me olemme Rukako \u2013 kasvomme, arvomme ja tekemisemme n\u00e4kyv\u00e4t kaikessa, mit\u00e4 teemme. Ty\u00f6skentelemme vastuullisesti ja asiakkaat ovat meille aina keski\u00f6ss\u00e4. Pyrimme tarjoamaan yksil\u00f6llist\u00e4 palvelua mahdollisuuksien mukaan ja pid\u00e4mme huolta siit\u00e4, ett\u00e4 majoituksemme tarjoavat hyv\u00e4n hinta-laatusuhteen ja kattavan perusvarustelun \u2013 ilman turhaa ylim\u00e4\u00e4r\u00e4ist\u00e4. <\/p>\n<p>Palvelemme sek\u00e4 kotimaisia ett\u00e4 kansainv\u00e4lisi\u00e4 asiakkaita, yksityisi\u00e4 matkailijoita ja yritysryhmi\u00e4. Kehit\u00e4mme jatkuvasti toimintaamme ja laajennamme palveluitamme my\u00f6s matkanj\u00e4rjest\u00e4j\u00e4toiminnan puolelle \u2013 tavoitteena tarjota laadukkaita Ruka-el\u00e4myksi\u00e4 ymp\u00e4ri vuoden. <\/p>\n<p>Majoitusvalikoimaamme kuuluu noin 100 erikokoista ja -tasoista m\u00f6kki\u00e4 ja huoneistoa, jotka sijaitsevat l\u00e4hell\u00e4 Rukan palveluja, rinteit\u00e4 ja aktiviteetteja. Jokaiselle l\u00f6ytyy sopiva vaihtoehto \u2013 olipa toiveena tunnelmallinen m\u00f6kki luonnon rauhassa tai helppo huoneisto Rukan keskustan tuntumassa. <\/p>\n<p>Ruka tarjoaa unohtumattomia kokemuksia kaikkina vuodenaikoina: talvella laskettelua, hiihtoa ja revontulien loistetta, kes\u00e4ll\u00e4 koskenlaskua, maastopy\u00f6r\u00e4ily\u00e4, melontaa, kalastusta ja patikointia. Rukalla viihtyv\u00e4t niin seikkailijat, perheet kuin luonnonrauhan etsij\u00e4tkin. <\/p>\n<p>Olemme aina pit\u00e4neet t\u00e4rke\u00e4n\u00e4 yht\u00e4 asiaa \u2013 ett\u00e4 jokainen asiakas voi unohtaa arjen kiireet ja vain rentoutua ja nauttia. Se on ollut ohjenuoramme jo 15 vuoden ajan, kiteytettyn\u00e4 sanoihin: Aika matkalle \u2013 rentoudu ja nauti!<\/p>\n<\/div>\n<div>\n<h4>Olen Juha, yritt\u00e4j\u00e4 ja Rukakon vetovastuussa vuodesta 2004, jolloin toteutui sukupolvenvaihdos. Vastaan yrityksen kokonaisuudesta ja toimin majoitustoiminnan lis\u00e4ksi my\u00f6s rakentamisen ja remontoinnin parissa.<\/h4>\n<\/div>\n<p><img decoding=\"async\" src=\"\/rukako\/wp-content\/uploads\/2026\/01\/IMG_1636.jpg\" alt=\"\"><br \/>\n<img decoding=\"async\" src=\"\/rukako\/wp-content\/uploads\/2026\/01\/IMG_1401-3.jpg\" alt=\"\"><\/p>\n<div>\n<h4>Olen Katja, mukana Rukakon matkassa vuodesta 2003. Vastuullani ovat majoitusmyynti ja markkinointi \u2013 eli se, ett\u00e4 jokainen vieras l\u00f6yt\u00e4\u00e4 juuri itselleen sopivan kohteen ja saa hyv\u00e4\u00e4, yksil\u00f6llist\u00e4 palvelua.<\/h4>\n<\/div>\n<p><!--more--><br \/>\n<!-- {\"type\":\"layout\",\"children\":[{\"name\":\"Hero\",\"type\":\"section\",\"props\":{\"animation\":\"slide-top\",\"height\":\"viewport\",\"height_viewport\":60,\"image\":\"wp-content\\\/uploads\\\/2026\\\/01\\\/IMG_1153.jpg\",\"image_position\":\"bottom-left\",\"image_size\":\"cover\",\"image_width\":\"1920\",\"media_background\":\"#1e3040\",\"media_focal_point\":\"top-center\",\"overlap\":false,\"padding_remove_bottom\":false,\"padding_remove_top\":false,\"preserve_color\":true,\"style\":\"secondary\",\"title_breakpoint\":\"xl\",\"title_position\":\"top-left\",\"title_rotation\":\"left\",\"vertical_align\":\"\",\"width\":\"default\"},\"children\":[{\"type\":\"row\",\"children\":[{\"type\":\"column\",\"props\":{\"image_position\":\"center-center\",\"image_size\":\"contain\",\"image_width\":\"690\",\"padding\":\"large\",\"position_sticky_breakpoint\":\"m\",\"vertical_align\":\"middle\",\"width_medium\":\"1-1\"}}]}]},{\"name\":\"Esittely\",\"type\":\"section\",\"props\":{\"animation\":\"slide-top-medium\",\"height_viewport\":false,\"image_position\":\"bottom-center\",\"image_size\":\"cover\",\"image_width\":\"1920\",\"overlap\":true,\"padding\":\"small\",\"padding_remove_bottom\":true,\"padding_remove_top\":false,\"style\":\"default\",\"text_color\":\"dark\",\"title_breakpoint\":\"xl\",\"title_position\":\"top-left\",\"title_rotation\":\"left\",\"vertical_align\":\"\",\"width\":\"small\"},\"children\":[{\"type\":\"row\",\"props\":{\"column_gap\":\"large\",\"margin\":\"large\",\"row_gap\":\"large\"},\"children\":[{\"type\":\"column\",\"props\":{\"image_position\":\"center-center\",\"position_sticky_breakpoint\":\"m\",\"vertical_align\":\"middle\"},\"children\":[{\"type\":\"headline\",\"props\":{\"animation\":\"slide-left-medium\",\"content\":\"Meist\\u00e4 \\u2013 Rukakon tarina\",\"link\":\"#2\",\"margin\":\"small\",\"text_align\":\"left\",\"text_align_breakpoint\":\"m\",\"text_align_fallback\":\"center\",\"title_element\":\"h3\",\"title_style\":\"h2\"}}]}]}]},{\"name\":\"Esittely\",\"type\":\"section\",\"props\":{\"animation\":\"slide-top-medium\",\"height_viewport\":false,\"image_position\":\"bottom-center\",\"image_size\":\"cover\",\"image_width\":\"1920\",\"overlap\":true,\"padding_remove_bottom\":true,\"padding_remove_top\":false,\"style\":\"default\",\"text_color\":\"dark\",\"title_breakpoint\":\"xl\",\"title_position\":\"top-left\",\"title_rotation\":\"left\",\"vertical_align\":\"\",\"width\":\"small\"},\"children\":[{\"type\":\"row\",\"props\":{\"class\":\"swap-on-phone\",\"id\":\"swap-on-phone\",\"layout\":\"1-2,1-2\"},\"children\":[{\"type\":\"column\",\"props\":{\"image_position\":\"center-center\",\"position_sticky_breakpoint\":\"m\",\"width_medium\":\"1-2\"},\"children\":[{\"type\":\"image\",\"props\":{\"image\":\"wp-content\\\/uploads\\\/2026\\\/01\\\/IMG_1657.jpg\",\"image_svg_color\":\"emphasis\",\"margin\":\"default\"}}]},{\"type\":\"column\",\"props\":{\"image_position\":\"center-center\",\"position_sticky_breakpoint\":\"m\",\"vertical_align\":\"middle\",\"width_medium\":\"1-2\"},\"children\":[{\"type\":\"text\",\"props\":{\"animation\":\"slide-left-medium\",\"column_breakpoint\":\"m\",\"content\":\"\n\n<h4>Rukako on perheyritys, jonka juuret ulottuvat vuoteen 1992. Yrityksen perusti Juhan \\u00e4iti, aluksi pienimuotoisena toimintana Rukan matkailun syd\\u00e4mess\\u00e4. Vuosien varrella toiminta on kasvanut ja kehittynyt yhdess\\u00e4 Rukan alueen kanssa \\u2013 mutta perheyritt\\u00e4jyyden arvot, aito tekemisen ilo ja asiakkaiden huomioiminen ovat s\\u00e4ilyneet kaiken ytimess\\u00e4.<\\\/h4>\",\"margin\":\"medium\",\"text_align\":\"left\",\"text_align_breakpoint\":\"m\",\"text_align_fallback\":\"center\"}}]}]}]},{\"name\":\"Esittely\",\"type\":\"section\",\"props\":{\"animation\":\"slide-top-medium\",\"height_viewport\":false,\"image_position\":\"bottom-center\",\"image_size\":\"cover\",\"image_width\":\"1920\",\"overlap\":true,\"padding\":\"small\",\"padding_remove_top\":false,\"style\":\"default\",\"text_color\":\"dark\",\"title_breakpoint\":\"xl\",\"title_position\":\"top-left\",\"title_rotation\":\"left\",\"vertical_align\":\"\",\"width\":\"small\"},\"children\":[{\"type\":\"row\",\"props\":{\"column_gap\":\"large\",\"margin\":\"large\",\"row_gap\":\"large\"},\"children\":[{\"type\":\"column\",\"props\":{\"image_position\":\"center-center\",\"position_sticky_breakpoint\":\"m\",\"vertical_align\":\"middle\"},\"children\":[{\"type\":\"text\",\"props\":{\"animation\":\"slide-left-medium\",\"column_breakpoint\":\"m\",\"content\":\"\n\n<p>Me olemme Rukako \\u2013 kasvomme, arvomme ja tekemisemme n\\u00e4kyv\\u00e4t kaikessa, mit\\u00e4 teemme. Ty\\u00f6skentelemme vastuullisesti ja asiakkaat ovat meille aina keski\\u00f6ss\\u00e4. Pyrimme tarjoamaan yksil\\u00f6llist\\u00e4 palvelua mahdollisuuksien mukaan ja pid\\u00e4mme huolta siit\\u00e4, ett\\u00e4 majoituksemme tarjoavat hyv\\u00e4n hinta-laatusuhteen ja kattavan perusvarustelun \\u2013 ilman turhaa ylim\\u00e4\\u00e4r\\u00e4ist\\u00e4. <br \\\/><br \\\/>Palvelemme sek\\u00e4 kotimaisia ett\\u00e4 kansainv\\u00e4lisi\\u00e4 asiakkaita, yksityisi\\u00e4 matkailijoita ja yritysryhmi\\u00e4. Kehit\\u00e4mme jatkuvasti toimintaamme ja laajennamme palveluitamme my\\u00f6s matkanj\\u00e4rjest\\u00e4j\\u00e4toiminnan puolelle \\u2013 tavoitteena tarjota laadukkaita Ruka-el\\u00e4myksi\\u00e4 ymp\\u00e4ri vuoden. <br \\\/><br \\\/>Majoitusvalikoimaamme kuuluu noin 100 erikokoista ja -tasoista m\\u00f6kki\\u00e4 ja huoneistoa, jotka sijaitsevat l\\u00e4hell\\u00e4 Rukan palveluja, rinteit\\u00e4 ja aktiviteetteja. Jokaiselle l\\u00f6ytyy sopiva vaihtoehto \\u2013 olipa toiveena tunnelmallinen m\\u00f6kki luonnon rauhassa tai helppo huoneisto Rukan keskustan tuntumassa. <br \\\/><br \\\/>Ruka tarjoaa unohtumattomia kokemuksia kaikkina vuodenaikoina: talvella laskettelua, hiihtoa ja revontulien loistetta, kes\\u00e4ll\\u00e4 koskenlaskua, maastopy\\u00f6r\\u00e4ily\\u00e4, melontaa, kalastusta ja patikointia. Rukalla viihtyv\\u00e4t niin seikkailijat, perheet kuin luonnonrauhan etsij\\u00e4tkin. <br \\\/><br \\\/>Olemme aina pit\\u00e4neet t\\u00e4rke\\u00e4n\\u00e4 yht\\u00e4 asiaa \\u2013 ett\\u00e4 jokainen asiakas voi unohtaa arjen kiireet ja vain rentoutua ja nauttia. Se on ollut ohjenuoramme jo 15 vuoden ajan, kiteytettyn\\u00e4 sanoihin: Aika matkalle \\u2013 rentoudu ja nauti!<\\\/p>\",\"margin\":\"medium\",\"text_align\":\"left\",\"text_align_breakpoint\":\"m\",\"text_align_fallback\":\"center\"}}]}]}]},{\"name\":\"Esittely\",\"type\":\"section\",\"props\":{\"animation\":\"slide-top-medium\",\"height_viewport\":false,\"image_position\":\"bottom-center\",\"image_size\":\"cover\",\"image_width\":\"1920\",\"overlap\":true,\"padding_remove_bottom\":true,\"padding_remove_top\":false,\"style\":\"default\",\"text_color\":\"dark\",\"title_breakpoint\":\"xl\",\"title_position\":\"top-left\",\"title_rotation\":\"left\",\"vertical_align\":\"\",\"width\":\"small\"},\"children\":[{\"type\":\"row\",\"props\":{\"layout\":\"1-2,1-2\",\"parallax\":false},\"children\":[{\"type\":\"column\",\"props\":{\"image_position\":\"center-center\",\"position_sticky_breakpoint\":\"m\",\"vertical_align\":\"middle\",\"width_large\":\"1-2\",\"width_medium\":\"1-2\",\"width_small\":\"1-1\",\"width_xlarge\":\"1-2\"},\"children\":[{\"type\":\"text\",\"props\":{\"animation\":\"slide-left-medium\",\"column_breakpoint\":\"m\",\"content\":\"\n\n<h4>Olen Juha, yritt\\u00e4j\\u00e4 ja Rukakon vetovastuussa vuodesta 2004, jolloin toteutui sukupolvenvaihdos. Vastaan yrityksen kokonaisuudesta ja toimin majoitustoiminnan lis\\u00e4ksi my\\u00f6s rakentamisen ja remontoinnin parissa.<\\\/h4>\",\"margin\":\"medium\",\"text_align\":\"left\",\"text_align_breakpoint\":\"m\",\"text_align_fallback\":\"center\"}}]},{\"type\":\"column\",\"props\":{\"image_position\":\"center-center\",\"position_sticky_breakpoint\":\"m\",\"width_large\":\"1-2\",\"width_medium\":\"1-2\",\"width_small\":\"1-1\",\"width_xlarge\":\"1-2\"},\"children\":[{\"type\":\"image\",\"props\":{\"image\":\"wp-content\\\/uploads\\\/2026\\\/01\\\/IMG_1636.jpg\",\"image_svg_color\":\"emphasis\",\"margin\":\"default\"}}]}]}]},{\"name\":\"Esittely\",\"type\":\"section\",\"props\":{\"animation\":\"slide-top-medium\",\"height_viewport\":false,\"image_position\":\"bottom-center\",\"image_size\":\"cover\",\"image_width\":\"1920\",\"overlap\":true,\"padding_remove_bottom\":true,\"padding_remove_top\":false,\"style\":\"default\",\"text_color\":\"dark\",\"title_breakpoint\":\"xl\",\"title_position\":\"top-left\",\"title_rotation\":\"left\",\"vertical_align\":\"\",\"width\":\"small\"},\"children\":[{\"type\":\"row\",\"props\":{\"class\":\"swap-on-phone\",\"id\":\"swap-on-phone\",\"layout\":\"1-2,1-2\"},\"children\":[{\"type\":\"column\",\"props\":{\"image_position\":\"center-center\",\"position_sticky_breakpoint\":\"m\",\"width_medium\":\"1-2\"},\"children\":[{\"type\":\"image\",\"props\":{\"image\":\"wp-content\\\/uploads\\\/2026\\\/01\\\/IMG_1401-3.jpg\",\"image_svg_color\":\"emphasis\",\"margin\":\"default\"}}]},{\"type\":\"column\",\"props\":{\"image_position\":\"center-center\",\"position_sticky_breakpoint\":\"m\",\"vertical_align\":\"middle\",\"width_medium\":\"1-2\"},\"children\":[{\"type\":\"text\",\"props\":{\"animation\":\"slide-left-medium\",\"column_breakpoint\":\"m\",\"content\":\"\n\n<h4>Olen Katja, mukana Rukakon matkassa vuodesta 2003. Vastuullani ovat majoitusmyynti ja markkinointi \\u2013 eli se, ett\\u00e4 jokainen vieras l\\u00f6yt\\u00e4\\u00e4 juuri itselleen sopivan kohteen ja saa hyv\\u00e4\\u00e4, yksil\\u00f6llist\\u00e4 palvelua.<\\\/h4>\",\"margin\":\"medium\",\"text_align\":\"left\",\"text_align_breakpoint\":\"m\",\"text_align_fallback\":\"center\"}}]}]}]},{\"type\":\"section\",\"props\":{\"image\":\"https:\\\/\\\/www.davas.site\\\/rukako\\\/wp-content\\\/uploads\\\/2021\\\/09\\\/rukako_talvea.jpg\",\"image_position\":\"center-center\",\"image_size\":\"cover\",\"media_visibility\":\"m\",\"status\":\"disabled\",\"style\":\"muted\",\"title_breakpoint\":\"xl\",\"title_position\":\"top-left\",\"title_rotation\":\"left\",\"vertical_align\":\"\",\"width\":\"default\"},\"children\":[{\"type\":\"row\",\"children\":[{\"type\":\"column\",\"props\":{\"image_position\":\"center-center\",\"position_sticky_breakpoint\":\"m\"},\"children\":[{\"type\":\"headline\",\"props\":{\"content\":\"<span>Speed up your day!<\\\/span>\",\"title_element\":\"h1\"}},{\"type\":\"grid\",\"props\":{\"content_column_breakpoint\":\"m\",\"content_margin\":\"small\",\"filter\":false,\"filter_align\":\"left\",\"filter_all\":false,\"filter_grid_breakpoint\":\"m\",\"filter_grid_width\":\"auto\",\"filter_position\":\"top\",\"filter_reverse\":false,\"filter_style\":\"tab\",\"grid_column_gap\":\"small\",\"grid_default\":\"1\",\"grid_medium\":\"4\",\"grid_row_gap\":\"small\",\"grid_small\":\"2\",\"icon_width\":80,\"image_align\":\"top\",\"image_grid_breakpoint\":\"m\",\"image_grid_width\":\"1-2\",\"image_svg_color\":\"emphasis\",\"item_animation\":true,\"lightbox_bg_close\":true,\"link_size\":\"small\",\"link_style\":\"default\",\"link_text\":\"Read more\",\"margin\":\"default\",\"meta_align\":\"below-title\",\"meta_element\":\"div\",\"meta_margin\":\"small\",\"meta_style\":\"text-meta\",\"panel_image_no_padding\":false,\"panel_link\":true,\"panel_link_hover\":\"true\",\"panel_padding\":\"small\",\"panel_style\":\"card-default\",\"parallax_easing\":\"1\",\"show_content\":true,\"show_hover_image\":true,\"show_hover_video\":true,\"show_image\":true,\"show_link\":true,\"show_meta\":true,\"show_title\":true,\"show_video\":true,\"text_align\":\"center\",\"title_align\":\"top\",\"title_element\":\"h3\",\"title_grid_breakpoint\":\"m\",\"title_grid_width\":\"1-2\",\"title_hover_style\":\"reset\",\"title_margin\":\"small\"},\"children\":[{\"type\":\"grid_item\",\"props\":{\"content\":\"\n\n<p>10 \\u20ac\\\/day<br \\\/>extra day 5 \\u20ac\\\/day<\\\/p>\",\"image\":\"\",\"link\":\"tel:+358207344791\",\"link_text\":\"Call +358 20 7344 791\",\"meta\":\"winter time\",\"title\":\"KickSpark\"}},{\"type\":\"grid_item\",\"props\":{\"content\":\"\n\n<p>20 \\u20ac\\\/day<br \\\/>extra day 10 \\u20ac\\\/day<\\\/p>\",\"link\":\"tel:+358207344791\",\"link_text\":\"Call +358 20 7344 791\",\"meta\":\"winter \",\"title\":\"Skin based skis\"}},{\"type\":\"grid_item\",\"props\":{\"content\":\"\n\n<p>50 \\u20ac\\\/day<br \\\/>extra day 15 \\u20ac\\\/day<\\\/p>\",\"meta\":\"summer\",\"title\":\"Electric scooter\"}},{\"type\":\"grid_item\",\"props\":{\"content\":\"\n\n<p>10 \\u20ac\\\/4 h<br \\\/>15 \\u20ac\\\/day<br \\\/>25 \\u20ac\\\/24h <br \\\/>Incl. helmet<\\\/p>\",\"meta\":\"summer\",\"title\":\"Bicycles\"}}]}]}],\"props\":{\"width\":\"default\"}}]}],\"version\":\"4.5.24\"} --><\/p>\n","protected":false},"excerpt":{"rendered":"<p>Meist\u00e4 \u2013 Rukakon tarina Rukako on perheyritys, jonka juuret ulottuvat vuoteen 1992. Yrityksen perusti Juhan \u00e4iti, aluksi pienimuotoisena toimintana Rukan matkailun syd\u00e4mess\u00e4. Vuosien varrella toiminta on kasvanut ja kehittynyt yhdess\u00e4 Rukan alueen kanssa \u2013 mutta perheyritt\u00e4jyyden arvot, aito tekemisen ilo ja asiakkaiden huomioiminen ovat s\u00e4ilyneet kaiken ytimess\u00e4. Me olemme Rukako \u2013 kasvomme, arvomme ja tekemisemme [&hellip;]<\/p>\n","protected":false},"author":4,"featured_media":0,"parent":0,"menu_order":0,"comment_status":"closed","ping_status":"closed","template":"","meta":{"footnotes":""},"class_list":["post-2193","page","type-page","status-publish","hentry"],"yoast_head":"<title>Tarinamme - M\u00f6kkien ja huoneistojen keskusvaraamo, Ruka<\/title>\n<meta name=\"robots\" content=\"index, follow, max-snippet:-1, max-image-preview:large, max-video-preview:-1\" \/>\n<link rel=\"canonical\" href=\"https:\/\/www.davas.site\/rukako\/tarinamme\/\" \/>\n<meta property=\"og:locale\" content=\"fi_FI\" \/>\n<meta property=\"og:type\" content=\"article\" \/>\n<meta property=\"og:title\" content=\"Tarinamme - M\u00f6kkien ja huoneistojen keskusvaraamo, Ruka\" \/>\n<meta property=\"og:description\" content=\"Meist\u00e4 \u2013 Rukakon tarina Rukako on perheyritys, jonka juuret ulottuvat vuoteen 1992. Yrityksen perusti Juhan \u00e4iti, aluksi pienimuotoisena toimintana Rukan matkailun syd\u00e4mess\u00e4. Vuosien varrella toiminta on kasvanut ja kehittynyt yhdess\u00e4 Rukan alueen kanssa \u2013 mutta perheyritt\u00e4jyyden arvot, aito tekemisen ilo ja asiakkaiden huomioiminen ovat s\u00e4ilyneet kaiken ytimess\u00e4. Me olemme Rukako \u2013 kasvomme, arvomme ja tekemisemme [&hellip;]\" \/>\n<meta property=\"og:url\" content=\"https:\/\/www.davas.site\/rukako\/tarinamme\/\" \/>\n<meta property=\"og:site_name\" content=\"M\u00f6kkien ja huoneistojen keskusvaraamo, Ruka\" \/>\n<meta property=\"article:modified_time\" content=\"2026-01-03T08:11:53+00:00\" \/>\n<meta name=\"twitter:card\" content=\"summary_large_image\" \/>\n<script type=\"application\/ld+json\" class=\"yoast-schema-graph\">{\"@context\":\"https:\/\/schema.org\",\"@graph\":[{\"@type\":\"WebPage\",\"@id\":\"https:\/\/www.davas.site\/rukako\/tarinamme\/\",\"url\":\"https:\/\/www.davas.site\/rukako\/tarinamme\/\",\"name\":\"Tarinamme - M\u00f6kkien ja huoneistojen keskusvaraamo, Ruka\",\"isPartOf\":{\"@id\":\"https:\/\/www.davas.site\/rukako\/#website\"},\"datePublished\":\"2025-10-09T11:19:07+00:00\",\"dateModified\":\"2026-01-03T08:11:53+00:00\",\"breadcrumb\":{\"@id\":\"https:\/\/www.davas.site\/rukako\/tarinamme\/#breadcrumb\"},\"inLanguage\":\"fi\",\"potentialAction\":[{\"@type\":\"ReadAction\",\"target\":[\"https:\/\/www.davas.site\/rukako\/tarinamme\/\"]}]},{\"@type\":\"BreadcrumbList\",\"@id\":\"https:\/\/www.davas.site\/rukako\/tarinamme\/#breadcrumb\",\"itemListElement\":[{\"@type\":\"ListItem\",\"position\":1,\"name\":\"Etusivu\",\"item\":\"https:\/\/www.davas.site\/rukako\/\"},{\"@type\":\"ListItem\",\"position\":2,\"name\":\"Tarinamme\"}]},{\"@type\":\"WebSite\",\"@id\":\"https:\/\/www.davas.site\/rukako\/#website\",\"url\":\"https:\/\/www.davas.site\/rukako\/\",\"name\":\"M\u00f6kkien ja huoneistojen keskusvaraamo, Ruka\",\"description\":\"Noin 130 kohdetta Rukan alueella\",\"potentialAction\":[{\"@type\":\"SearchAction\",\"target\":{\"@type\":\"EntryPoint\",\"urlTemplate\":\"https:\/\/www.davas.site\/rukako\/?s={search_term_string}\"},\"query-input\":{\"@type\":\"PropertyValueSpecification\",\"valueRequired\":true,\"valueName\":\"search_term_string\"}}],\"inLanguage\":\"fi\"}]}<\/script>","yoast_head_json":{"title":"Tarinamme - M\u00f6kkien ja huoneistojen keskusvaraamo, Ruka","robots":{"index":"index","follow":"follow","max-snippet":"max-snippet:-1","max-image-preview":"max-image-preview:large","max-video-preview":"max-video-preview:-1"},"canonical":"https:\/\/www.davas.site\/rukako\/tarinamme\/","og_locale":"fi_FI","og_type":"article","og_title":"Tarinamme - M\u00f6kkien ja huoneistojen keskusvaraamo, Ruka","og_description":"Meist\u00e4 \u2013 Rukakon tarina Rukako on perheyritys, jonka juuret ulottuvat vuoteen 1992. Yrityksen perusti Juhan \u00e4iti, aluksi pienimuotoisena toimintana Rukan matkailun syd\u00e4mess\u00e4. Vuosien varrella toiminta on kasvanut ja kehittynyt yhdess\u00e4 Rukan alueen kanssa \u2013 mutta perheyritt\u00e4jyyden arvot, aito tekemisen ilo ja asiakkaiden huomioiminen ovat s\u00e4ilyneet kaiken ytimess\u00e4. Me olemme Rukako \u2013 kasvomme, arvomme ja tekemisemme [&hellip;]","og_url":"https:\/\/www.davas.site\/rukako\/tarinamme\/","og_site_name":"M\u00f6kkien ja huoneistojen keskusvaraamo, Ruka","article_modified_time":"2026-01-03T08:11:53+00:00","twitter_card":"summary_large_image","schema":{"@context":"https:\/\/schema.org","@graph":[{"@type":"WebPage","@id":"https:\/\/www.davas.site\/rukako\/tarinamme\/","url":"https:\/\/www.davas.site\/rukako\/tarinamme\/","name":"Tarinamme - M\u00f6kkien ja huoneistojen keskusvaraamo, Ruka","isPartOf":{"@id":"https:\/\/www.davas.site\/rukako\/#website"},"datePublished":"2025-10-09T11:19:07+00:00","dateModified":"2026-01-03T08:11:53+00:00","breadcrumb":{"@id":"https:\/\/www.davas.site\/rukako\/tarinamme\/#breadcrumb"},"inLanguage":"fi","potentialAction":[{"@type":"ReadAction","target":["https:\/\/www.davas.site\/rukako\/tarinamme\/"]}]},{"@type":"BreadcrumbList","@id":"https:\/\/www.davas.site\/rukako\/tarinamme\/#breadcrumb","itemListElement":[{"@type":"ListItem","position":1,"name":"Etusivu","item":"https:\/\/www.davas.site\/rukako\/"},{"@type":"ListItem","position":2,"name":"Tarinamme"}]},{"@type":"WebSite","@id":"https:\/\/www.davas.site\/rukako\/#website","url":"https:\/\/www.davas.site\/rukako\/","name":"M\u00f6kkien ja huoneistojen keskusvaraamo, Ruka","description":"Noin 130 kohdetta Rukan alueella","potentialAction":[{"@type":"SearchAction","target":{"@type":"EntryPoint","urlTemplate":"https:\/\/www.davas.site\/rukako\/?s={search_term_string}"},"query-input":{"@type":"PropertyValueSpecification","valueRequired":true,"valueName":"search_term_string"}}],"inLanguage":"fi"}]}},"publishpress_future_action":{"enabled":false,"date":"2026-05-07 20:43:59","action":"change-status","newStatus":"draft","terms":[],"taxonomy":"translation_priority","extraData":[]},"publishpress_future_workflow_manual_trigger":{"enabledWorkflows":[]},"_links":{"self":[{"href":"https:\/\/www.davas.site\/rukako\/wp-json\/wp\/v2\/pages\/2193","targetHints":{"allow":["GET"]}}],"collection":[{"href":"https:\/\/www.davas.site\/rukako\/wp-json\/wp\/v2\/pages"}],"about":[{"href":"https:\/\/www.davas.site\/rukako\/wp-json\/wp\/v2\/types\/page"}],"author":[{"embeddable":true,"href":"https:\/\/www.davas.site\/rukako\/wp-json\/wp\/v2\/users\/4"}],"replies":[{"embeddable":true,"href":"https:\/\/www.davas.site\/rukako\/wp-json\/wp\/v2\/comments?post=2193"}],"version-history":[{"count":10,"href":"https:\/\/www.davas.site\/rukako\/wp-json\/wp\/v2\/pages\/2193\/revisions"}],"predecessor-version":[{"id":2767,"href":"https:\/\/www.davas.site\/rukako\/wp-json\/wp\/v2\/pages\/2193\/revisions\/2767"}],"wp:attachment":[{"href":"https:\/\/www.davas.site\/rukako\/wp-json\/wp\/v2\/media?parent=2193"}],"curies":[{"name":"wp","href":"https:\/\/api.w.org\/{rel}","templated":true}]}}