{"id":231,"date":"2021-09-21T15:24:39","date_gmt":"2021-09-21T12:24:39","guid":{"rendered":"https:\/\/rukako.fi\/uusi\/?page_id=231"},"modified":"2026-01-03T15:00:54","modified_gmt":"2026-01-03T13:00:54","slug":"vastuullisuus","status":"publish","type":"page","link":"https:\/\/www.davas.site\/rukako\/vastuullisuus\/","title":{"rendered":"Vastuullisuus"},"content":{"rendered":"<h3><a href=\"#2\"><\/p>\n<h1>Vastuullisuus<\/h1>\n<p><\/a><\/h3>\n<div>\n<p><strong>Me Rukako Oy:lla olemme tehneet jo vuosia hyv\u00e4\u00e4 ty\u00f6t\u00e4 kest\u00e4v\u00e4n matkailun eteen, mm.<\/strong><\/p>\n<div>\n<ul>\n<li>k\u00e4ytt\u00e4m\u00e4ll\u00e4 v\u00e4litt\u00e4miss\u00e4mme kohteissa energiayst\u00e4v\u00e4llisi\u00e4 hehkulamppuja<\/li>\n<li>k\u00e4ytt\u00e4m\u00e4ll\u00e4 kohteiden remonteissa v\u00e4h\u00e4energisi\u00e4 laitteita<\/li>\n<li>k\u00e4ytt\u00e4m\u00e4ll\u00e4 siivoustoiminnassa ymp\u00e4rist\u00f6yst\u00e4v\u00e4llisi\u00e4 tuotteita mahdollisuuksien mukaan<\/li>\n<li>kierr\u00e4t\u00e4mme kohteidemme hehkulamput, paristot, pienmetallit ja s\u00e4hk\u00f6laitteet<\/li>\n<li>huoltotoimenpiteiss\u00e4 huomioimme kohteidemme energiayst\u00e4v\u00e4llisyyden ja pyrimme tehokkaaseen energians\u00e4\u00e4st\u00f6\u00f6n peruskorjauksissa ym. toimenpiteiss\u00e4<\/li>\n<\/ul>\n<p>N\u00e4ill\u00e4 teoilla haluamme v\u00e4litt\u00e4\u00e4 vastuullisuutta majoituskohteidemme omistajille, tuleville majoittujille sek\u00e4 yhteisty\u00f6kumppaneille.<\/p>\n<p>Toivomme osapuolilta vastuullista ja kest\u00e4v\u00e4\u00e4 toimintaa niin paikallinen ymp\u00e4rist\u00f6, yhteis\u00f6 kuin talouskin huomioiden. N\u00e4ill\u00e4 teoilla alueemme pysyy luonnonmukaisena ja<br \/>puhtaana my\u00f6s tuleville sukupolville.<\/p>\n<p>Rukako Oy on l\u00e4htenyt mukaan Visit Finland Sustainable Travel Finland- ohjelmaan edist\u00e4m\u00e4\u00e4n yrityksen kest\u00e4v\u00e4vyytt\u00e4 ja vastuullisuutta.<\/p>\n<\/div>\n<\/div>\n<p><!--more--><br \/>\n<!-- {\"type\":\"layout\",\"children\":[{\"name\":\"Hero\",\"type\":\"section\",\"props\":{\"animation\":\"slide-top\",\"height\":\"viewport\",\"height_viewport\":60,\"image\":\"wp-content\\\/uploads\\\/2026\\\/01\\\/IMG_1664.jpg\",\"image_position\":\"bottom-left\",\"image_size\":\"cover\",\"image_width\":\"1920\",\"media_background\":\"#1e3040\",\"media_focal_point\":\"top-center\",\"overlap\":false,\"padding_remove_bottom\":false,\"padding_remove_top\":false,\"preserve_color\":true,\"style\":\"secondary\",\"title_breakpoint\":\"xl\",\"title_position\":\"top-left\",\"title_rotation\":\"left\",\"vertical_align\":\"\",\"width\":\"default\"},\"children\":[{\"type\":\"row\",\"children\":[{\"type\":\"column\",\"props\":{\"image_position\":\"center-center\",\"image_size\":\"contain\",\"image_width\":\"690\",\"padding\":\"large\",\"position_sticky_breakpoint\":\"m\",\"vertical_align\":\"middle\",\"width_medium\":\"1-1\"}}]}]},{\"name\":\"Esittely\",\"type\":\"section\",\"props\":{\"animation\":\"slide-top-medium\",\"height_viewport\":false,\"image_position\":\"bottom-center\",\"image_size\":\"cover\",\"image_width\":\"1920\",\"overlap\":true,\"padding_remove_top\":false,\"style\":\"default\",\"text_color\":\"dark\",\"title_breakpoint\":\"xl\",\"title_position\":\"top-left\",\"title_rotation\":\"left\",\"vertical_align\":\"\",\"width\":\"small\"},\"children\":[{\"type\":\"row\",\"props\":{\"column_gap\":\"large\",\"margin\":\"large\",\"row_gap\":\"large\"},\"children\":[{\"type\":\"column\",\"props\":{\"image_position\":\"center-center\",\"position_sticky_breakpoint\":\"m\",\"vertical_align\":\"middle\"},\"children\":[{\"type\":\"headline\",\"props\":{\"animation\":\"slide-left-medium\",\"content\":\"\n\n<h1>Vastuullisuus<\\\/h1>\",\"link\":\"#2\",\"margin\":\"small\",\"text_align\":\"left\",\"text_align_breakpoint\":\"m\",\"text_align_fallback\":\"center\",\"title_element\":\"h3\",\"title_style\":\"h2\"}},{\"type\":\"text\",\"props\":{\"animation\":\"slide-left-medium\",\"column_breakpoint\":\"m\",\"content\":\"\n\n<p><strong>Me Rukako Oy:lla olemme tehneet jo vuosia hyv\\u00e4\\u00e4 ty\\u00f6t\\u00e4 kest\\u00e4v\\u00e4n matkailun eteen, mm.<\\\/strong><\\\/p>\\n\n\n<div>\\n\n\n<ul>\\n\n\n<li>k\\u00e4ytt\\u00e4m\\u00e4ll\\u00e4 v\\u00e4litt\\u00e4miss\\u00e4mme kohteissa energiayst\\u00e4v\\u00e4llisi\\u00e4 hehkulamppuja<\\\/li>\\n\n\n<li>k\\u00e4ytt\\u00e4m\\u00e4ll\\u00e4 kohteiden remonteissa v\\u00e4h\\u00e4energisi\\u00e4 laitteita<\\\/li>\\n\n\n<li>k\\u00e4ytt\\u00e4m\\u00e4ll\\u00e4 siivoustoiminnassa ymp\\u00e4rist\\u00f6yst\\u00e4v\\u00e4llisi\\u00e4 tuotteita mahdollisuuksien mukaan<\\\/li>\\n\n\n<li>kierr\\u00e4t\\u00e4mme kohteidemme hehkulamput, paristot, pienmetallit ja s\\u00e4hk\\u00f6laitteet<\\\/li>\\n\n\n<li>huoltotoimenpiteiss\\u00e4 huomioimme kohteidemme energiayst\\u00e4v\\u00e4llisyyden ja pyrimme tehokkaaseen energians\\u00e4\\u00e4st\\u00f6\\u00f6n peruskorjauksissa ym. toimenpiteiss\\u00e4<\\\/li>\\n<\\\/ul>\\n\n\n<p>N\\u00e4ill\\u00e4 teoilla haluamme v\\u00e4litt\\u00e4\\u00e4 vastuullisuutta majoituskohteidemme omistajille, tuleville majoittujille sek\\u00e4 yhteisty\\u00f6kumppaneille.<\\\/p>\\n\n\n<p>Toivomme osapuolilta vastuullista ja kest\\u00e4v\\u00e4\\u00e4 toimintaa niin paikallinen ymp\\u00e4rist\\u00f6, yhteis\\u00f6 kuin talouskin huomioiden. N\\u00e4ill\\u00e4 teoilla alueemme pysyy luonnonmukaisena ja<br \\\/>puhtaana my\\u00f6s tuleville sukupolville.<\\\/p>\\n\n\n<p>Rukako Oy on l\\u00e4htenyt mukaan Visit Finland Sustainable Travel Finland- ohjelmaan edist\\u00e4m\\u00e4\\u00e4n yrityksen kest\\u00e4v\\u00e4vyytt\\u00e4 ja vastuullisuutta.<\\\/p>\\n<\\\/div>\",\"margin\":\"medium\",\"text_align\":\"left\",\"text_align_breakpoint\":\"m\",\"text_align_fallback\":\"center\"}}]}]}]},{\"type\":\"section\",\"props\":{\"image\":\"https:\\\/\\\/www.davas.site\\\/rukako\\\/wp-content\\\/uploads\\\/2021\\\/09\\\/rukako_talvea.jpg\",\"image_position\":\"center-center\",\"image_size\":\"cover\",\"media_visibility\":\"m\",\"status\":\"disabled\",\"style\":\"muted\",\"title_breakpoint\":\"xl\",\"title_position\":\"top-left\",\"title_rotation\":\"left\",\"vertical_align\":\"\",\"width\":\"default\"},\"children\":[{\"type\":\"row\",\"children\":[{\"type\":\"column\",\"props\":{\"image_position\":\"center-center\",\"position_sticky_breakpoint\":\"m\"},\"children\":[{\"type\":\"headline\",\"props\":{\"content\":\"<span>Speed up your day!<\\\/span>\",\"title_element\":\"h1\"}},{\"type\":\"grid\",\"props\":{\"content_column_breakpoint\":\"m\",\"content_margin\":\"small\",\"filter\":false,\"filter_align\":\"left\",\"filter_all\":false,\"filter_grid_breakpoint\":\"m\",\"filter_grid_width\":\"auto\",\"filter_position\":\"top\",\"filter_reverse\":false,\"filter_style\":\"tab\",\"grid_column_gap\":\"small\",\"grid_default\":\"1\",\"grid_medium\":\"4\",\"grid_row_gap\":\"small\",\"grid_small\":\"2\",\"icon_width\":80,\"image_align\":\"top\",\"image_grid_breakpoint\":\"m\",\"image_grid_width\":\"1-2\",\"image_svg_color\":\"emphasis\",\"item_animation\":true,\"lightbox_bg_close\":true,\"link_size\":\"small\",\"link_style\":\"default\",\"link_text\":\"Read more\",\"margin\":\"default\",\"meta_align\":\"below-title\",\"meta_element\":\"div\",\"meta_margin\":\"small\",\"meta_style\":\"text-meta\",\"panel_image_no_padding\":false,\"panel_link\":true,\"panel_link_hover\":\"true\",\"panel_padding\":\"small\",\"panel_style\":\"card-default\",\"parallax_easing\":\"1\",\"show_content\":true,\"show_hover_image\":true,\"show_hover_video\":true,\"show_image\":true,\"show_link\":true,\"show_meta\":true,\"show_title\":true,\"show_video\":true,\"text_align\":\"center\",\"title_align\":\"top\",\"title_element\":\"h3\",\"title_grid_breakpoint\":\"m\",\"title_grid_width\":\"1-2\",\"title_hover_style\":\"reset\",\"title_margin\":\"small\"},\"children\":[{\"type\":\"grid_item\",\"props\":{\"content\":\"\n\n<p>10 \\u20ac\\\/day<br \\\/>extra day 5 \\u20ac\\\/day<\\\/p>\",\"image\":\"\",\"link\":\"tel:+358207344791\",\"link_text\":\"Call +358 20 7344 791\",\"meta\":\"winter time\",\"title\":\"KickSpark\"}},{\"type\":\"grid_item\",\"props\":{\"content\":\"\n\n<p>20 \\u20ac\\\/day<br \\\/>extra day 10 \\u20ac\\\/day<\\\/p>\",\"link\":\"tel:+358207344791\",\"link_text\":\"Call +358 20 7344 791\",\"meta\":\"winter \",\"title\":\"Skin based skis\"}},{\"type\":\"grid_item\",\"props\":{\"content\":\"\n\n<p>50 \\u20ac\\\/day<br \\\/>extra day 15 \\u20ac\\\/day<\\\/p>\",\"meta\":\"summer\",\"title\":\"Electric scooter\"}},{\"type\":\"grid_item\",\"props\":{\"content\":\"\n\n<p>10 \\u20ac\\\/4 h<br \\\/>15 \\u20ac\\\/day<br \\\/>25 \\u20ac\\\/24h <br \\\/>Incl. helmet<\\\/p>\",\"meta\":\"summer\",\"title\":\"Bicycles\"}}]}]}],\"props\":{\"width\":\"default\"}}]}],\"version\":\"4.5.24\"} --><\/p>\n","protected":false},"excerpt":{"rendered":"<p>Vastuullisuus Me Rukako Oy:lla olemme tehneet jo vuosia hyv\u00e4\u00e4 ty\u00f6t\u00e4 kest\u00e4v\u00e4n matkailun eteen, mm. k\u00e4ytt\u00e4m\u00e4ll\u00e4 v\u00e4litt\u00e4miss\u00e4mme kohteissa energiayst\u00e4v\u00e4llisi\u00e4 hehkulamppuja k\u00e4ytt\u00e4m\u00e4ll\u00e4 kohteiden remonteissa v\u00e4h\u00e4energisi\u00e4 laitteita k\u00e4ytt\u00e4m\u00e4ll\u00e4 siivoustoiminnassa ymp\u00e4rist\u00f6yst\u00e4v\u00e4llisi\u00e4 tuotteita mahdollisuuksien mukaan kierr\u00e4t\u00e4mme kohteidemme hehkulamput, paristot, pienmetallit ja s\u00e4hk\u00f6laitteet huoltotoimenpiteiss\u00e4 huomioimme kohteidemme energiayst\u00e4v\u00e4llisyyden ja pyrimme tehokkaaseen energians\u00e4\u00e4st\u00f6\u00f6n peruskorjauksissa ym. toimenpiteiss\u00e4 N\u00e4ill\u00e4 teoilla haluamme v\u00e4litt\u00e4\u00e4 vastuullisuutta majoituskohteidemme omistajille, [&hellip;]<\/p>\n","protected":false},"author":1,"featured_media":0,"parent":0,"menu_order":0,"comment_status":"closed","ping_status":"closed","template":"","meta":{"footnotes":""},"class_list":["post-231","page","type-page","status-publish","hentry"],"yoast_head":"<title>Vastuullisuus - M\u00f6kkien ja huoneistojen keskusvaraamo, Ruka<\/title>\n<meta name=\"robots\" content=\"index, follow, max-snippet:-1, max-image-preview:large, max-video-preview:-1\" \/>\n<link rel=\"canonical\" href=\"https:\/\/www.davas.site\/rukako\/vastuullisuus\/\" \/>\n<meta property=\"og:locale\" content=\"fi_FI\" \/>\n<meta property=\"og:type\" content=\"article\" \/>\n<meta property=\"og:title\" content=\"Vastuullisuus - M\u00f6kkien ja huoneistojen keskusvaraamo, Ruka\" \/>\n<meta property=\"og:description\" content=\"Vastuullisuus Me Rukako Oy:lla olemme tehneet jo vuosia hyv\u00e4\u00e4 ty\u00f6t\u00e4 kest\u00e4v\u00e4n matkailun eteen, mm. k\u00e4ytt\u00e4m\u00e4ll\u00e4 v\u00e4litt\u00e4miss\u00e4mme kohteissa energiayst\u00e4v\u00e4llisi\u00e4 hehkulamppuja k\u00e4ytt\u00e4m\u00e4ll\u00e4 kohteiden remonteissa v\u00e4h\u00e4energisi\u00e4 laitteita k\u00e4ytt\u00e4m\u00e4ll\u00e4 siivoustoiminnassa ymp\u00e4rist\u00f6yst\u00e4v\u00e4llisi\u00e4 tuotteita mahdollisuuksien mukaan kierr\u00e4t\u00e4mme kohteidemme hehkulamput, paristot, pienmetallit ja s\u00e4hk\u00f6laitteet huoltotoimenpiteiss\u00e4 huomioimme kohteidemme energiayst\u00e4v\u00e4llisyyden ja pyrimme tehokkaaseen energians\u00e4\u00e4st\u00f6\u00f6n peruskorjauksissa ym. toimenpiteiss\u00e4 N\u00e4ill\u00e4 teoilla haluamme v\u00e4litt\u00e4\u00e4 vastuullisuutta majoituskohteidemme omistajille, [&hellip;]\" \/>\n<meta property=\"og:url\" content=\"https:\/\/www.davas.site\/rukako\/vastuullisuus\/\" \/>\n<meta property=\"og:site_name\" content=\"M\u00f6kkien ja huoneistojen keskusvaraamo, Ruka\" \/>\n<meta property=\"article:modified_time\" content=\"2026-01-03T13:00:54+00:00\" \/>\n<meta name=\"twitter:card\" content=\"summary_large_image\" \/>\n<meta name=\"twitter:label1\" content=\"Arvioitu lukuaika\" \/>\n\t<meta name=\"twitter:data1\" content=\"1 minuutti\" \/>\n<script type=\"application\/ld+json\" class=\"yoast-schema-graph\">{\"@context\":\"https:\/\/schema.org\",\"@graph\":[{\"@type\":\"WebPage\",\"@id\":\"https:\/\/www.davas.site\/rukako\/vastuullisuus\/\",\"url\":\"https:\/\/www.davas.site\/rukako\/vastuullisuus\/\",\"name\":\"Vastuullisuus - M\u00f6kkien ja huoneistojen keskusvaraamo, Ruka\",\"isPartOf\":{\"@id\":\"https:\/\/www.davas.site\/rukako\/#website\"},\"datePublished\":\"2021-09-21T12:24:39+00:00\",\"dateModified\":\"2026-01-03T13:00:54+00:00\",\"breadcrumb\":{\"@id\":\"https:\/\/www.davas.site\/rukako\/vastuullisuus\/#breadcrumb\"},\"inLanguage\":\"fi\",\"potentialAction\":[{\"@type\":\"ReadAction\",\"target\":[\"https:\/\/www.davas.site\/rukako\/vastuullisuus\/\"]}]},{\"@type\":\"BreadcrumbList\",\"@id\":\"https:\/\/www.davas.site\/rukako\/vastuullisuus\/#breadcrumb\",\"itemListElement\":[{\"@type\":\"ListItem\",\"position\":1,\"name\":\"Etusivu\",\"item\":\"https:\/\/www.davas.site\/rukako\/\"},{\"@type\":\"ListItem\",\"position\":2,\"name\":\"Vastuullisuus\"}]},{\"@type\":\"WebSite\",\"@id\":\"https:\/\/www.davas.site\/rukako\/#website\",\"url\":\"https:\/\/www.davas.site\/rukako\/\",\"name\":\"M\u00f6kkien ja huoneistojen keskusvaraamo, Ruka\",\"description\":\"Noin 130 kohdetta Rukan alueella\",\"potentialAction\":[{\"@type\":\"SearchAction\",\"target\":{\"@type\":\"EntryPoint\",\"urlTemplate\":\"https:\/\/www.davas.site\/rukako\/?s={search_term_string}\"},\"query-input\":{\"@type\":\"PropertyValueSpecification\",\"valueRequired\":true,\"valueName\":\"search_term_string\"}}],\"inLanguage\":\"fi\"}]}<\/script>","yoast_head_json":{"title":"Vastuullisuus - M\u00f6kkien ja huoneistojen keskusvaraamo, Ruka","robots":{"index":"index","follow":"follow","max-snippet":"max-snippet:-1","max-image-preview":"max-image-preview:large","max-video-preview":"max-video-preview:-1"},"canonical":"https:\/\/www.davas.site\/rukako\/vastuullisuus\/","og_locale":"fi_FI","og_type":"article","og_title":"Vastuullisuus - M\u00f6kkien ja huoneistojen keskusvaraamo, Ruka","og_description":"Vastuullisuus Me Rukako Oy:lla olemme tehneet jo vuosia hyv\u00e4\u00e4 ty\u00f6t\u00e4 kest\u00e4v\u00e4n matkailun eteen, mm. k\u00e4ytt\u00e4m\u00e4ll\u00e4 v\u00e4litt\u00e4miss\u00e4mme kohteissa energiayst\u00e4v\u00e4llisi\u00e4 hehkulamppuja k\u00e4ytt\u00e4m\u00e4ll\u00e4 kohteiden remonteissa v\u00e4h\u00e4energisi\u00e4 laitteita k\u00e4ytt\u00e4m\u00e4ll\u00e4 siivoustoiminnassa ymp\u00e4rist\u00f6yst\u00e4v\u00e4llisi\u00e4 tuotteita mahdollisuuksien mukaan kierr\u00e4t\u00e4mme kohteidemme hehkulamput, paristot, pienmetallit ja s\u00e4hk\u00f6laitteet huoltotoimenpiteiss\u00e4 huomioimme kohteidemme energiayst\u00e4v\u00e4llisyyden ja pyrimme tehokkaaseen energians\u00e4\u00e4st\u00f6\u00f6n peruskorjauksissa ym. toimenpiteiss\u00e4 N\u00e4ill\u00e4 teoilla haluamme v\u00e4litt\u00e4\u00e4 vastuullisuutta majoituskohteidemme omistajille, [&hellip;]","og_url":"https:\/\/www.davas.site\/rukako\/vastuullisuus\/","og_site_name":"M\u00f6kkien ja huoneistojen keskusvaraamo, Ruka","article_modified_time":"2026-01-03T13:00:54+00:00","twitter_card":"summary_large_image","twitter_misc":{"Arvioitu lukuaika":"1 minuutti"},"schema":{"@context":"https:\/\/schema.org","@graph":[{"@type":"WebPage","@id":"https:\/\/www.davas.site\/rukako\/vastuullisuus\/","url":"https:\/\/www.davas.site\/rukako\/vastuullisuus\/","name":"Vastuullisuus - M\u00f6kkien ja huoneistojen keskusvaraamo, Ruka","isPartOf":{"@id":"https:\/\/www.davas.site\/rukako\/#website"},"datePublished":"2021-09-21T12:24:39+00:00","dateModified":"2026-01-03T13:00:54+00:00","breadcrumb":{"@id":"https:\/\/www.davas.site\/rukako\/vastuullisuus\/#breadcrumb"},"inLanguage":"fi","potentialAction":[{"@type":"ReadAction","target":["https:\/\/www.davas.site\/rukako\/vastuullisuus\/"]}]},{"@type":"BreadcrumbList","@id":"https:\/\/www.davas.site\/rukako\/vastuullisuus\/#breadcrumb","itemListElement":[{"@type":"ListItem","position":1,"name":"Etusivu","item":"https:\/\/www.davas.site\/rukako\/"},{"@type":"ListItem","position":2,"name":"Vastuullisuus"}]},{"@type":"WebSite","@id":"https:\/\/www.davas.site\/rukako\/#website","url":"https:\/\/www.davas.site\/rukako\/","name":"M\u00f6kkien ja huoneistojen keskusvaraamo, Ruka","description":"Noin 130 kohdetta Rukan alueella","potentialAction":[{"@type":"SearchAction","target":{"@type":"EntryPoint","urlTemplate":"https:\/\/www.davas.site\/rukako\/?s={search_term_string}"},"query-input":{"@type":"PropertyValueSpecification","valueRequired":true,"valueName":"search_term_string"}}],"inLanguage":"fi"}]}},"publishpress_future_action":{"enabled":false,"date":"2026-05-07 20:43:59","action":"change-status","newStatus":"draft","terms":[],"taxonomy":"translation_priority","extraData":[]},"publishpress_future_workflow_manual_trigger":{"enabledWorkflows":[]},"_links":{"self":[{"href":"https:\/\/www.davas.site\/rukako\/wp-json\/wp\/v2\/pages\/231","targetHints":{"allow":["GET"]}}],"collection":[{"href":"https:\/\/www.davas.site\/rukako\/wp-json\/wp\/v2\/pages"}],"about":[{"href":"https:\/\/www.davas.site\/rukako\/wp-json\/wp\/v2\/types\/page"}],"author":[{"embeddable":true,"href":"https:\/\/www.davas.site\/rukako\/wp-json\/wp\/v2\/users\/1"}],"replies":[{"embeddable":true,"href":"https:\/\/www.davas.site\/rukako\/wp-json\/wp\/v2\/comments?post=231"}],"version-history":[{"count":5,"href":"https:\/\/www.davas.site\/rukako\/wp-json\/wp\/v2\/pages\/231\/revisions"}],"predecessor-version":[{"id":2848,"href":"https:\/\/www.davas.site\/rukako\/wp-json\/wp\/v2\/pages\/231\/revisions\/2848"}],"wp:attachment":[{"href":"https:\/\/www.davas.site\/rukako\/wp-json\/wp\/v2\/media?parent=231"}],"curies":[{"name":"wp","href":"https:\/\/api.w.org\/{rel}","templated":true}]}}