{"id":3,"date":"2021-09-20T13:55:13","date_gmt":"2021-09-20T10:55:13","guid":{"rendered":"https:\/\/rukako.fi\/uusi\/?page_id=3"},"modified":"2021-09-21T14:37:15","modified_gmt":"2021-09-21T11:37:15","slug":"tietosuojaseloste","status":"publish","type":"page","link":"https:\/\/www.davas.site\/rukako\/tietosuojaseloste\/","title":{"rendered":"Tietosuojaseloste"},"content":{"rendered":"\n<h2 class=\"wp-block-heading\">Rekisterinpit\u00e4j\u00e4<\/h2>\n\n\n\n<p>Rukako Oy Travel Majoituksen keskusvaraamo\/ Holiday Home Rental<br>Rukanriutta 7, 93830 Rukatunturi<\/p>\n\n\n\n<p>Yhteystiedot rekisteri\u00e4 koskevissa asioissa<br>Juha Mustonen<br>Rukanriutta 7<br>93830 Rukatunturi <\/p>\n\n\n\n<p>020 7344790<br>info@rukako.fi<\/p>\n\n\n\n<p>Verkkosivustomme osoite on: https:\/\/rukako.fi<\/p>\n\n\n\n<h2 class=\"wp-block-heading\">Rekisterin nimi<\/h2>\n\n\n\n<p>Rukako Oy Travel Majoituksen keskusvaraamon sek\u00e4 Huolto\/Remontointi asiakasrekisteri<\/p>\n\n\n\n<h2 class=\"wp-block-heading\">Henkil\u00f6tietojen k\u00e4sittelyn tarkoitus \/ rekisterin k\u00e4ytt\u00f6tarkoitus<\/h2>\n\n\n\n<p>T\u00e4m\u00e4n rekisterin\/tietosuojaselosteen tarkoituksena on mahdollistaa majoitusliikkeen verkossa tapahtuva kaupank\u00e4ynti, kuten esimerkiksi tilaustietojen, laskutustietojen, maksuvahvistustietojen tai k\u00e4sittelytietojen v\u00e4litt\u00e4minen kauppiaan ja asiakkaan v\u00e4lill\u00e4. T\u00e4m\u00e4n lis\u00e4ksi rekisterin tarkoituksena on asiakaspalvelun edellytt\u00e4mien yhteydenottojen mahdollistaminen ja asiakassuhteen yll\u00e4pito (sek\u00e4 suoramarkkinointi silloin, kun asiakas ei ole sit\u00e4 kielt\u00e4nyt.)<\/p>\n\n\n\n<h2 class=\"wp-block-heading\">Rekisterin tietosis\u00e4lt\u00f6<\/h2>\n\n\n\n<ul class=\"wp-block-list\"><li>Asiakkaan antamat tiedot: Etu- ja sukunimi, syntym\u00e4aika, yhteystiedot (esim. puhelinnumero sek\u00e4 s\u00e4hk\u00f6postiosoite), sukupuoli, kansalaisuus, asiakkaan kanssa majoittuvien lasten lukum\u00e4\u00e4r\u00e4, ik\u00e4 ja nimi sek\u00e4 tarvittaessa asiakkaan laskutusyhteystiedot<\/li><li>Yritysasiakkailta lis\u00e4ksi: Yrityksen nimi, Yrityksen osoitetiedot ja yhteystiedot, yrityksen Y-tunnus.<\/li><li>Asiakaspalautetiedot: asiakkaiden tyytyv\u00e4isyystiedot, kommentit rekisterinpit\u00e4j\u00e4n palveluista ja muut asiakkaan suostumuksella saadut tiedot<\/li><li>Varaustiedot (Menneet ja tulevat varaukset)<\/li><li>Asiakkaan toiveisiin ja valintoihin liittyv\u00e4t tiedot: esim. huoneen tai savuttomuus, huonetyyppitiedot ja tiedot h\u00e4nen haluamistaan palveluista<\/li><li>Asiakkaan maksutapa- ja maksuk\u00e4ytt\u00e4ytymistiedot (mukaan lukien maksuviivetiedot) sek\u00e4 laskutustiedot<\/li><li>Asiakkaan suostumus s\u00e4hk\u00f6posti-, tekstiviesti- ja muilla automaattisilla j\u00e4rjestelmill\u00e4 suoritettavaan suoramarkkinointiin<\/li><li>Lains\u00e4\u00e4d\u00e4nn\u00f6n mukaiset suoramainonnan, et\u00e4myynnin ja muun suoramarkkinoinnin kieltotiedot<\/li><li>Tiedot rekisterinpit\u00e4j\u00e4n palvelujen k\u00e4yt\u00f6st\u00e4 korttikohtaisesti (esim. y\u00f6pymiset ja ostot)<\/li><li>Muut asiakkaan suostumuksella ker\u00e4tt\u00e4v\u00e4t tiedot (esim. tiedot asiakkaan ilmoittamista liikuntarajoituksista ja sairauksista, jotka ovat tarpeellisia h\u00e4nen pyyt\u00e4m\u00e4ns\u00e4 palvelun toteuttamiseksi)<\/li><\/ul>\n\n\n\n<h2 class=\"wp-block-heading\">S\u00e4\u00e4nn\u00f6nmukaiset tietol\u00e4hteet<\/h2>\n\n\n\n<p>Kaikkien asiakkaiden tiedot ker\u00e4t\u00e4\u00e4n Mews-verkkopalvelun s\u00e4hk\u00f6isill\u00e4 lomakkeilla tai paperilomakkeilla. Asiakkaat sy\u00f6tt\u00e4v\u00e4t tiedot henkil\u00f6kohtaisesti k\u00e4ytt\u00e4ess\u00e4\u00e4n Mews-verkkokauppaa tai asiakastietolomaketta tai tiedot ker\u00e4t\u00e4\u00e4n sis\u00e4\u00e4nkirjautumisen yhteydess\u00e4 manuaalisesti tai passin\/henkil\u00f6kortin skannauslaitteella (SnapShell).<\/p>\n\n\n\n<h2 class=\"wp-block-heading\">Kenelle jaamme tietosi<\/h2>\n\n\n\n<p><strong class=\"privacy-policy-tutorial\">Suositeltu teksti: <\/strong>Jos pyyd\u00e4t salasanan palauttamista, IP-osoitteesi liitet\u00e4\u00e4n mukaan palautuss\u00e4hk\u00f6postiisi.<\/p>\n\n\n\n<h2 class=\"wp-block-heading\">S\u00e4\u00e4nn\u00f6nmukaiset tietojen luovutukset ja tietojen siirto EU:n tai Euroopan talousalueen ulkopuolelle<\/h2>\n\n\n\n<p>Tietoja ei erikseen luovuteta eteenp\u00e4in ja ne j\u00e4\u00e4v\u00e4t ainoastaan rekisterinpit\u00e4j\u00e4lle. Jos rekisterinpit\u00e4j\u00e4 myy, uudelleenj\u00e4rjestelee tai muutoin luovuttaa liiketoimintansa joko kokonaan tai osittain, henkil\u00f6tietoja voidaan luovuttaa samanaikaisesti. Tietoja ei siirret\u00e4 EU:n tai Euroopan talousalueen ulkopuolelle.<br>Rekisterinpit\u00e4j\u00e4 voi luovuttaa henkil\u00f6tietojasi kolmansille osapuolille, kuten poliisille ja muille viranomaisille, jos asia koskee rikoksen tutkintaa, tai laki ja viranomaisen p\u00e4\u00e4t\u00f6s n\u00e4in m\u00e4\u00e4r\u00e4\u00e4.<\/p>\n\n\n\n<h2 class=\"wp-block-heading\">Rekisterin suojauksen periaatteet<\/h2>\n\n\n\n<p><strong>A. Manuaalinen aineisto<br><\/strong>Jos palvelimelle tallennetusta rekisterist\u00e4 tulostetaan manuaalista aineistoa, aineisto s\u00e4ilytet\u00e4\u00e4n lukitussa tilassa. Ainoastaan rekisterinpit\u00e4j\u00e4ll\u00e4 sek\u00e4 lain m\u00e4\u00e4r\u00e4\u00e4mill\u00e4 viranomaisilla on k\u00e4ytt\u00f6oikeus aineistoon.<br><strong>B. Palvelimelle talletetut tiedot<br><\/strong>Rekisteri sijaitsee Mews Systems Ltd:n palvelimella, joka on sijoitettu valvottuun palvelinkeskukseen. T\u00e4ydellisiin rekisteritietoihin p\u00e4\u00e4see k\u00e4siksi ainoastaan rekisterinpit\u00e4j\u00e4, Mews Systemsin tekninen yll\u00e4pitohenkil\u00f6st\u00f6 sek\u00e4 lain m\u00e4\u00e4r\u00e4\u00e4m\u00e4t viranomaiset. Tiedot on suojattu asianmukaisin teknisin ja organisatorisin toimenpitein esimerkiksi katoamisen, muuntumisen tai oikeudettoman p\u00e4\u00e4syn varalta.<\/p>\n\n\n\n<h2 class=\"wp-block-heading\">Tarkastusoikeus ja tarkastusoikeuden toteuttaminen<\/h2>\n\n\n\n<p>Jokaisella on oikeus tarkastaa itse\u00e4\u00e4n koskevat tiedot. Tarkastusoikeus on kerran vuodessa maksuton. Tarkastuspyynt\u00f6 tulee tehd\u00e4 kirjallisesti omak\u00e4tisesti allekirjoitetulla lomakkeella tai henkil\u00f6kohtaisesti rekisterinpit\u00e4j\u00e4n luona.<\/p>\n\n\n\n<h2 class=\"wp-block-heading\">Tietojen korjaaminen ja tietojen korjaamisen toteuttaminen<\/h2>\n\n\n\n<p>Jokaisella on oikeus vaatia rekisteriss\u00e4 olevan tiedon korjaamista. Korjaamispyynt\u00f6 on teht\u00e4v\u00e4 kirjallisesti ja riitt\u00e4v\u00e4n yksil\u00f6idysti.<\/p>\n\n\n\n<h2 class=\"wp-block-heading\">Muut mahdolliset oikeudet<\/h2>\n\n\n\n<p>Henkil\u00f6tietolain 30 \u00a7:n mukaan \u201drekister\u00f6idyll\u00e4 on oikeus kielt\u00e4\u00e4 rekisterinpit\u00e4j\u00e4\u00e4 k\u00e4sittelem\u00e4st\u00e4 h\u00e4nt\u00e4 itse\u00e4\u00e4n koskevia tietoja suoramainontaa, et\u00e4myynti\u00e4 ja muuta suoramarkkinointia sek\u00e4 markkina- ja mielipidetutkimusta samoin kuin henkil\u00f6matrikkelia ja sukututkimusta varten.\u201d<\/p>\n\n\n\n<p>Tarkastus-, korjauspyynn\u00f6t ja kiellot itse\u00e4\u00e4n koskevien tietojen k\u00e4sittelyst\u00e4<\/p>\n\n\n\n<p>Rukako Oy info@rukako.fi<br>Rukako Oy travel Majoituksen keskusvaraamo<br>Yhteystiedot:<br>Rukanriutta 7<br>93830 Rukatunturi \u2013 Finland<br>y- tunnus 0900306-4<\/p>\n\n\n\n<h2 class=\"wp-block-heading\">Ev\u00e4steet<\/h2>\n\n\n\n<p>T\u00e4m\u00e4 sivusto k\u00e4ytt\u00e4\u00e4 ev\u00e4steit\u00e4 (cookies).<br>Ev\u00e4steiden ja verkkoj\u00e4ljitteiden avulla ker\u00e4tyt tiedot eiv\u00e4t sis\u00e4ll\u00e4 k\u00e4ytt\u00e4j\u00e4n henkil\u00f6tietoja. Verkossa suoritettuja toimintoja ei voida sen avulla liitt\u00e4\u00e4 tiettyyn henkil\u00f6\u00f6n.<\/p>\n","protected":false},"excerpt":{"rendered":"<p>Rekisterinpit\u00e4j\u00e4 Rukako Oy Travel Majoituksen keskusvaraamo\/ Holiday Home RentalRukanriutta 7, 93830 Rukatunturi Yhteystiedot rekisteri\u00e4 koskevissa asioissaJuha MustonenRukanriutta 793830 Rukatunturi 020 7344790info@rukako.fi Verkkosivustomme osoite on: https:\/\/rukako.fi Rekisterin nimi Rukako Oy Travel Majoituksen keskusvaraamon sek\u00e4 Huolto\/Remontointi asiakasrekisteri Henkil\u00f6tietojen k\u00e4sittelyn tarkoitus \/ rekisterin k\u00e4ytt\u00f6tarkoitus T\u00e4m\u00e4n rekisterin\/tietosuojaselosteen tarkoituksena on mahdollistaa majoitusliikkeen verkossa tapahtuva kaupank\u00e4ynti, kuten esimerkiksi tilaustietojen, laskutustietojen, maksuvahvistustietojen [&hellip;]<\/p>\n","protected":false},"author":1,"featured_media":0,"parent":0,"menu_order":0,"comment_status":"closed","ping_status":"open","template":"","meta":{"footnotes":""},"class_list":["post-3","page","type-page","status-publish","hentry"],"yoast_head":"<title>Tietosuojaseloste - M\u00f6kkien ja huoneistojen keskusvaraamo, Ruka<\/title>\n<meta name=\"robots\" content=\"index, follow, max-snippet:-1, max-image-preview:large, max-video-preview:-1\" \/>\n<link rel=\"canonical\" href=\"https:\/\/www.davas.site\/rukako\/tietosuojaseloste\/\" \/>\n<meta property=\"og:locale\" content=\"fi_FI\" \/>\n<meta property=\"og:type\" content=\"article\" \/>\n<meta property=\"og:title\" content=\"Tietosuojaseloste - M\u00f6kkien ja huoneistojen keskusvaraamo, Ruka\" \/>\n<meta property=\"og:description\" content=\"Rekisterinpit\u00e4j\u00e4 Rukako Oy Travel Majoituksen keskusvaraamo\/ Holiday Home RentalRukanriutta 7, 93830 Rukatunturi Yhteystiedot rekisteri\u00e4 koskevissa asioissaJuha MustonenRukanriutta 793830 Rukatunturi 020 7344790info@rukako.fi Verkkosivustomme osoite on: https:\/\/rukako.fi Rekisterin nimi Rukako Oy Travel Majoituksen keskusvaraamon sek\u00e4 Huolto\/Remontointi asiakasrekisteri Henkil\u00f6tietojen k\u00e4sittelyn tarkoitus \/ rekisterin k\u00e4ytt\u00f6tarkoitus T\u00e4m\u00e4n rekisterin\/tietosuojaselosteen tarkoituksena on mahdollistaa majoitusliikkeen verkossa tapahtuva kaupank\u00e4ynti, kuten esimerkiksi tilaustietojen, laskutustietojen, maksuvahvistustietojen [&hellip;]\" \/>\n<meta property=\"og:url\" content=\"https:\/\/www.davas.site\/rukako\/tietosuojaseloste\/\" \/>\n<meta property=\"og:site_name\" content=\"M\u00f6kkien ja huoneistojen keskusvaraamo, Ruka\" \/>\n<meta property=\"article:modified_time\" content=\"2021-09-21T11:37:15+00:00\" \/>\n<meta name=\"twitter:card\" content=\"summary_large_image\" \/>\n<meta name=\"twitter:label1\" content=\"Arvioitu lukuaika\" \/>\n\t<meta name=\"twitter:data1\" content=\"3 minuuttia\" \/>\n<script type=\"application\/ld+json\" class=\"yoast-schema-graph\">{\"@context\":\"https:\/\/schema.org\",\"@graph\":[{\"@type\":\"WebPage\",\"@id\":\"https:\/\/www.davas.site\/rukako\/tietosuojaseloste\/\",\"url\":\"https:\/\/www.davas.site\/rukako\/tietosuojaseloste\/\",\"name\":\"Tietosuojaseloste - M\u00f6kkien ja huoneistojen keskusvaraamo, Ruka\",\"isPartOf\":{\"@id\":\"https:\/\/www.davas.site\/rukako\/#website\"},\"datePublished\":\"2021-09-20T10:55:13+00:00\",\"dateModified\":\"2021-09-21T11:37:15+00:00\",\"breadcrumb\":{\"@id\":\"https:\/\/www.davas.site\/rukako\/tietosuojaseloste\/#breadcrumb\"},\"inLanguage\":\"fi\",\"potentialAction\":[{\"@type\":\"ReadAction\",\"target\":[\"https:\/\/www.davas.site\/rukako\/tietosuojaseloste\/\"]}]},{\"@type\":\"BreadcrumbList\",\"@id\":\"https:\/\/www.davas.site\/rukako\/tietosuojaseloste\/#breadcrumb\",\"itemListElement\":[{\"@type\":\"ListItem\",\"position\":1,\"name\":\"Etusivu\",\"item\":\"https:\/\/www.davas.site\/rukako\/\"},{\"@type\":\"ListItem\",\"position\":2,\"name\":\"Tietosuojaseloste\"}]},{\"@type\":\"WebSite\",\"@id\":\"https:\/\/www.davas.site\/rukako\/#website\",\"url\":\"https:\/\/www.davas.site\/rukako\/\",\"name\":\"M\u00f6kkien ja huoneistojen keskusvaraamo, Ruka\",\"description\":\"Noin 130 kohdetta Rukan alueella\",\"potentialAction\":[{\"@type\":\"SearchAction\",\"target\":{\"@type\":\"EntryPoint\",\"urlTemplate\":\"https:\/\/www.davas.site\/rukako\/?s={search_term_string}\"},\"query-input\":{\"@type\":\"PropertyValueSpecification\",\"valueRequired\":true,\"valueName\":\"search_term_string\"}}],\"inLanguage\":\"fi\"}]}<\/script>","yoast_head_json":{"title":"Tietosuojaseloste - M\u00f6kkien ja huoneistojen keskusvaraamo, Ruka","robots":{"index":"index","follow":"follow","max-snippet":"max-snippet:-1","max-image-preview":"max-image-preview:large","max-video-preview":"max-video-preview:-1"},"canonical":"https:\/\/www.davas.site\/rukako\/tietosuojaseloste\/","og_locale":"fi_FI","og_type":"article","og_title":"Tietosuojaseloste - M\u00f6kkien ja huoneistojen keskusvaraamo, Ruka","og_description":"Rekisterinpit\u00e4j\u00e4 Rukako Oy Travel Majoituksen keskusvaraamo\/ Holiday Home RentalRukanriutta 7, 93830 Rukatunturi Yhteystiedot rekisteri\u00e4 koskevissa asioissaJuha MustonenRukanriutta 793830 Rukatunturi 020 7344790info@rukako.fi Verkkosivustomme osoite on: https:\/\/rukako.fi Rekisterin nimi Rukako Oy Travel Majoituksen keskusvaraamon sek\u00e4 Huolto\/Remontointi asiakasrekisteri Henkil\u00f6tietojen k\u00e4sittelyn tarkoitus \/ rekisterin k\u00e4ytt\u00f6tarkoitus T\u00e4m\u00e4n rekisterin\/tietosuojaselosteen tarkoituksena on mahdollistaa majoitusliikkeen verkossa tapahtuva kaupank\u00e4ynti, kuten esimerkiksi tilaustietojen, laskutustietojen, maksuvahvistustietojen [&hellip;]","og_url":"https:\/\/www.davas.site\/rukako\/tietosuojaseloste\/","og_site_name":"M\u00f6kkien ja huoneistojen keskusvaraamo, Ruka","article_modified_time":"2021-09-21T11:37:15+00:00","twitter_card":"summary_large_image","twitter_misc":{"Arvioitu lukuaika":"3 minuuttia"},"schema":{"@context":"https:\/\/schema.org","@graph":[{"@type":"WebPage","@id":"https:\/\/www.davas.site\/rukako\/tietosuojaseloste\/","url":"https:\/\/www.davas.site\/rukako\/tietosuojaseloste\/","name":"Tietosuojaseloste - M\u00f6kkien ja huoneistojen keskusvaraamo, Ruka","isPartOf":{"@id":"https:\/\/www.davas.site\/rukako\/#website"},"datePublished":"2021-09-20T10:55:13+00:00","dateModified":"2021-09-21T11:37:15+00:00","breadcrumb":{"@id":"https:\/\/www.davas.site\/rukako\/tietosuojaseloste\/#breadcrumb"},"inLanguage":"fi","potentialAction":[{"@type":"ReadAction","target":["https:\/\/www.davas.site\/rukako\/tietosuojaseloste\/"]}]},{"@type":"BreadcrumbList","@id":"https:\/\/www.davas.site\/rukako\/tietosuojaseloste\/#breadcrumb","itemListElement":[{"@type":"ListItem","position":1,"name":"Etusivu","item":"https:\/\/www.davas.site\/rukako\/"},{"@type":"ListItem","position":2,"name":"Tietosuojaseloste"}]},{"@type":"WebSite","@id":"https:\/\/www.davas.site\/rukako\/#website","url":"https:\/\/www.davas.site\/rukako\/","name":"M\u00f6kkien ja huoneistojen keskusvaraamo, Ruka","description":"Noin 130 kohdetta Rukan alueella","potentialAction":[{"@type":"SearchAction","target":{"@type":"EntryPoint","urlTemplate":"https:\/\/www.davas.site\/rukako\/?s={search_term_string}"},"query-input":{"@type":"PropertyValueSpecification","valueRequired":true,"valueName":"search_term_string"}}],"inLanguage":"fi"}]}},"publishpress_future_action":{"enabled":false,"date":"2026-05-07 19:35:32","action":"change-status","newStatus":"draft","terms":[],"taxonomy":"translation_priority","extraData":[]},"publishpress_future_workflow_manual_trigger":{"enabledWorkflows":[]},"_links":{"self":[{"href":"https:\/\/www.davas.site\/rukako\/wp-json\/wp\/v2\/pages\/3","targetHints":{"allow":["GET"]}}],"collection":[{"href":"https:\/\/www.davas.site\/rukako\/wp-json\/wp\/v2\/pages"}],"about":[{"href":"https:\/\/www.davas.site\/rukako\/wp-json\/wp\/v2\/types\/page"}],"author":[{"embeddable":true,"href":"https:\/\/www.davas.site\/rukako\/wp-json\/wp\/v2\/users\/1"}],"replies":[{"embeddable":true,"href":"https:\/\/www.davas.site\/rukako\/wp-json\/wp\/v2\/comments?post=3"}],"version-history":[{"count":0,"href":"https:\/\/www.davas.site\/rukako\/wp-json\/wp\/v2\/pages\/3\/revisions"}],"wp:attachment":[{"href":"https:\/\/www.davas.site\/rukako\/wp-json\/wp\/v2\/media?parent=3"}],"curies":[{"name":"wp","href":"https:\/\/api.w.org\/{rel}","templated":true}]}}